{"id":4405,"date":"2021-12-09T09:34:03","date_gmt":"2021-12-09T12:34:03","guid":{"rendered":"https:\/\/nordtech.com.br\/?post_type=product&#038;p=4405"},"modified":"2021-12-09T09:34:04","modified_gmt":"2021-12-09T12:34:04","slug":"serra-para-poda-gardena-530-comfort","status":"publish","type":"product","link":"https:\/\/nordtech.com.br\/?product=serra-para-poda-gardena-530-comfort","title":{"rendered":"Serra para Poda Gardena 530 Comfort"},"content":{"rendered":"","protected":false},"excerpt":{"rendered":"<p>L\u00e2mina antiferrugem<br \/>\nCabo com prote\u00e7\u00e3o para as m\u00e3os<br \/>\nCom ajuste de tens\u00e3o<br \/>\nA\u00e7o antitor\u00e7\u00e3o<\/p>\n<p>Serra leve e robusta para ramos grossos e toros.<\/p>\n","protected":false},"featured_media":4406,"comment_status":"open","ping_status":"closed","template":"","meta":[],"class_list":{"0":"post-4405","1":"product","2":"type-product","3":"status-publish","4":"has-post-thumbnail","6":"pwb-brand-gardena","7":"product_cat-linha-jardim","8":"product_cat-gardena","9":"product_tag-serra","10":"product_tag-serra-para-poda","12":"first","13":"instock","14":"shipping-taxable","15":"product-type-simple"},"brands":[{"id":89,"name":"Gardena","slug":"gardena"}],"_links":{"self":[{"href":"https:\/\/nordtech.com.br\/index.php?rest_route=\/wp\/v2\/product\/4405","targetHints":{"allow":["GET"]}}],"collection":[{"href":"https:\/\/nordtech.com.br\/index.php?rest_route=\/wp\/v2\/product"}],"about":[{"href":"https:\/\/nordtech.com.br\/index.php?rest_route=\/wp\/v2\/types\/product"}],"replies":[{"embeddable":true,"href":"https:\/\/nordtech.com.br\/index.php?rest_route=%2Fwp%2Fv2%2Fcomments&post=4405"}],"wp:featuredmedia":[{"embeddable":true,"href":"https:\/\/nordtech.com.br\/index.php?rest_route=\/wp\/v2\/media\/4406"}],"wp:attachment":[{"href":"https:\/\/nordtech.com.br\/index.php?rest_route=%2Fwp%2Fv2%2Fmedia&parent=4405"}],"curies":[{"name":"wp","href":"https:\/\/api.w.org\/{rel}","templated":true}]}}