{"id":4399,"date":"2021-12-09T08:56:37","date_gmt":"2021-12-09T11:56:37","guid":{"rendered":"https:\/\/nordtech.com.br\/?post_type=product&#038;p=4399"},"modified":"2021-12-09T08:56:37","modified_gmt":"2021-12-09T11:56:37","slug":"distribuidor-4-vias-gardena-2","status":"publish","type":"product","link":"https:\/\/nordtech.com.br\/?product=distribuidor-4-vias-gardena-2","title":{"rendered":"Distribuidor 4 vias Gardena"},"content":{"rendered":"","protected":false},"excerpt":{"rendered":"<p>Distribuidor de \u00e1gua com 4 vias, permitindo at\u00e9 4 conex\u00f5es. Para mangueiras com 26.5mm e 33.3mm. Ideal para distribuir a \u00e1gua pelo seu jardim. Voc\u00ea pode conectar at\u00e9 quatro aparelhos nesse adaptador. Indicado para irrigar diversas \u00e1reas ao mesmo tempo.<\/p>\n","protected":false},"featured_media":4400,"comment_status":"open","ping_status":"closed","template":"","meta":[],"class_list":{"0":"post-4399","1":"product","2":"type-product","3":"status-publish","4":"has-post-thumbnail","6":"pwb-brand-gardena","7":"product_cat-linha-hidro","8":"product_cat-gardena","9":"product_tag-4-vias","10":"product_tag-distibuidor","12":"first","13":"instock","14":"shipping-taxable","15":"product-type-simple"},"brands":[{"id":89,"name":"Gardena","slug":"gardena"}],"_links":{"self":[{"href":"https:\/\/nordtech.com.br\/index.php?rest_route=\/wp\/v2\/product\/4399","targetHints":{"allow":["GET"]}}],"collection":[{"href":"https:\/\/nordtech.com.br\/index.php?rest_route=\/wp\/v2\/product"}],"about":[{"href":"https:\/\/nordtech.com.br\/index.php?rest_route=\/wp\/v2\/types\/product"}],"replies":[{"embeddable":true,"href":"https:\/\/nordtech.com.br\/index.php?rest_route=%2Fwp%2Fv2%2Fcomments&post=4399"}],"wp:featuredmedia":[{"embeddable":true,"href":"https:\/\/nordtech.com.br\/index.php?rest_route=\/wp\/v2\/media\/4400"}],"wp:attachment":[{"href":"https:\/\/nordtech.com.br\/index.php?rest_route=%2Fwp%2Fv2%2Fmedia&parent=4399"}],"curies":[{"name":"wp","href":"https:\/\/api.w.org\/{rel}","templated":true}]}}