{"id":4392,"date":"2021-12-09T08:39:21","date_gmt":"2021-12-09T11:39:21","guid":{"rendered":"https:\/\/nordtech.com.br\/?post_type=product&#038;p=4392"},"modified":"2021-12-09T08:39:22","modified_gmt":"2021-12-09T11:39:22","slug":"pistola-gardena-maxflow-2","status":"publish","type":"product","link":"https:\/\/nordtech.com.br\/?product=pistola-gardena-maxflow-2","title":{"rendered":"Pistola Gardena Maxflow"},"content":{"rendered":"","protected":false},"excerpt":{"rendered":"<p>Pistola Gardena Maxflow, com revestimento antiderrapante e spray fino. Compacta e pr\u00e1tica \u00e9 ideal para regar plantas em vasos e \u00e1reas individuais. Ideal para regar plantas em vasos e \u00e1reas individuais.<\/p>\n","protected":false},"featured_media":4393,"comment_status":"open","ping_status":"closed","template":"","meta":[],"class_list":{"0":"post-4392","1":"product","2":"type-product","3":"status-publish","4":"has-post-thumbnail","6":"pwb-brand-gardena","7":"product_cat-linha-hidro","8":"product_cat-gardena","9":"product_tag-maxflow","10":"product_tag-pistola","12":"first","13":"instock","14":"shipping-taxable","15":"product-type-simple"},"brands":[{"id":89,"name":"Gardena","slug":"gardena"}],"_links":{"self":[{"href":"https:\/\/nordtech.com.br\/index.php?rest_route=\/wp\/v2\/product\/4392","targetHints":{"allow":["GET"]}}],"collection":[{"href":"https:\/\/nordtech.com.br\/index.php?rest_route=\/wp\/v2\/product"}],"about":[{"href":"https:\/\/nordtech.com.br\/index.php?rest_route=\/wp\/v2\/types\/product"}],"replies":[{"embeddable":true,"href":"https:\/\/nordtech.com.br\/index.php?rest_route=%2Fwp%2Fv2%2Fcomments&post=4392"}],"wp:featuredmedia":[{"embeddable":true,"href":"https:\/\/nordtech.com.br\/index.php?rest_route=\/wp\/v2\/media\/4393"}],"wp:attachment":[{"href":"https:\/\/nordtech.com.br\/index.php?rest_route=%2Fwp%2Fv2%2Fmedia&parent=4392"}],"curies":[{"name":"wp","href":"https:\/\/api.w.org\/{rel}","templated":true}]}}