{"id":4390,"date":"2021-12-09T08:37:34","date_gmt":"2021-12-09T11:37:34","guid":{"rendered":"https:\/\/nordtech.com.br\/?post_type=product&#038;p=4390"},"modified":"2021-12-09T08:37:34","modified_gmt":"2021-12-09T11:37:34","slug":"pistola-gardena-comfort","status":"publish","type":"product","link":"https:\/\/nordtech.com.br\/?product=pistola-gardena-comfort","title":{"rendered":"Pistola Gardena Comfort"},"content":{"rendered":"","protected":false},"excerpt":{"rendered":"<p>Diversas posi\u00e7\u00f5es de ajuste para pulveriza\u00e7\u00e3o da \u00e1gua<br \/>\nCom trava para fluxo cont\u00ednuo de \u00e1gua<br \/>\nProte\u00e7\u00e3o contra o frio<\/p>\n<p>Ideal para a limpeza intensiva de manchas e tamb\u00e9m para a rega com n\u00e9voa fina<\/p>\n","protected":false},"featured_media":4391,"comment_status":"open","ping_status":"closed","template":"","meta":[],"class_list":{"0":"post-4390","1":"product","2":"type-product","3":"status-publish","4":"has-post-thumbnail","6":"pwb-brand-gardena","7":"product_cat-linha-hidro","8":"product_cat-gardena","9":"product_tag-pistola","10":"product_tag-pistola-comfort","12":"first","13":"instock","14":"shipping-taxable","15":"product-type-simple"},"brands":[{"id":89,"name":"Gardena","slug":"gardena"}],"_links":{"self":[{"href":"https:\/\/nordtech.com.br\/index.php?rest_route=\/wp\/v2\/product\/4390","targetHints":{"allow":["GET"]}}],"collection":[{"href":"https:\/\/nordtech.com.br\/index.php?rest_route=\/wp\/v2\/product"}],"about":[{"href":"https:\/\/nordtech.com.br\/index.php?rest_route=\/wp\/v2\/types\/product"}],"replies":[{"embeddable":true,"href":"https:\/\/nordtech.com.br\/index.php?rest_route=%2Fwp%2Fv2%2Fcomments&post=4390"}],"wp:featuredmedia":[{"embeddable":true,"href":"https:\/\/nordtech.com.br\/index.php?rest_route=\/wp\/v2\/media\/4391"}],"wp:attachment":[{"href":"https:\/\/nordtech.com.br\/index.php?rest_route=%2Fwp%2Fv2%2Fmedia&parent=4390"}],"curies":[{"name":"wp","href":"https:\/\/api.w.org\/{rel}","templated":true}]}}