{"id":4388,"date":"2021-12-09T08:33:57","date_gmt":"2021-12-09T11:33:57","guid":{"rendered":"https:\/\/nordtech.com.br\/?post_type=product&#038;p=4388"},"modified":"2021-12-09T08:33:57","modified_gmt":"2021-12-09T11:33:57","slug":"aspersor-de-engrenagem-comfort-gardena-2","status":"publish","type":"product","link":"https:\/\/nordtech.com.br\/?product=aspersor-de-engrenagem-comfort-gardena-2","title":{"rendered":"Aspersor de engrenagem Comfort Gardena"},"content":{"rendered":"","protected":false},"excerpt":{"rendered":"<p>Engate R\u00e1pido<br \/>\nPino Pl\u00e1stico<br \/>\nAlcance 5 a 12m<br \/>\nCaixa Master: 5 unidades<\/p>\n<p>Feito de pl\u00e1stico resistente, pode ser facilmente fixado na grama. Seu ajuste rotat\u00f3rio \u00e9 f\u00e1cil de usar para selecionar a \u00e1rea de irriga\u00e7\u00e3o. Emite muito pouco ru\u00eddo e permite conex\u00e7\u00e3o via conector 18201<\/p>\n","protected":false},"featured_media":4389,"comment_status":"open","ping_status":"closed","template":"","meta":[],"class_list":{"0":"post-4388","1":"product","2":"type-product","3":"status-publish","4":"has-post-thumbnail","6":"pwb-brand-gardena","7":"product_cat-linha-hidro","8":"product_cat-gardena","9":"product_tag-aspersor","10":"product_tag-aspersor-comfort","11":"product_tag-aspersor-de-engrenagem","13":"first","14":"instock","15":"shipping-taxable","16":"product-type-simple"},"brands":[{"id":89,"name":"Gardena","slug":"gardena"}],"_links":{"self":[{"href":"https:\/\/nordtech.com.br\/index.php?rest_route=\/wp\/v2\/product\/4388","targetHints":{"allow":["GET"]}}],"collection":[{"href":"https:\/\/nordtech.com.br\/index.php?rest_route=\/wp\/v2\/product"}],"about":[{"href":"https:\/\/nordtech.com.br\/index.php?rest_route=\/wp\/v2\/types\/product"}],"replies":[{"embeddable":true,"href":"https:\/\/nordtech.com.br\/index.php?rest_route=%2Fwp%2Fv2%2Fcomments&post=4388"}],"wp:featuredmedia":[{"embeddable":true,"href":"https:\/\/nordtech.com.br\/index.php?rest_route=\/wp\/v2\/media\/4389"}],"wp:attachment":[{"href":"https:\/\/nordtech.com.br\/index.php?rest_route=%2Fwp%2Fv2%2Fmedia&parent=4388"}],"curies":[{"name":"wp","href":"https:\/\/api.w.org\/{rel}","templated":true}]}}