{"id":4385,"date":"2021-12-08T16:19:42","date_gmt":"2021-12-08T19:19:42","guid":{"rendered":"https:\/\/nordtech.com.br\/?post_type=product&#038;p=4385"},"modified":"2021-12-08T16:19:43","modified_gmt":"2021-12-08T19:19:43","slug":"pistola-de-rega-por-impulsos-gardena-classic-2","status":"publish","type":"product","link":"https:\/\/nordtech.com.br\/?product=pistola-de-rega-por-impulsos-gardena-classic-2","title":{"rendered":"Pistola de Rega por Impulsos Gardena Classic"},"content":{"rendered":"","protected":false},"excerpt":{"rendered":"<p>Pistola de Rega por Impulsos, com revestimento antiderrapante e bloqueio de jato. Ideal para irriga\u00e7\u00e3o de plantas em potes e \u00e1reas individuais. Componentes em pl\u00e1stico macio proporcionam uma pegada segura. Seu formato compacto \u00e9 confort\u00e1vel e ergon\u00f4mico.<\/p>\n","protected":false},"featured_media":4386,"comment_status":"open","ping_status":"closed","template":"","meta":[],"class_list":{"0":"post-4385","1":"product","2":"type-product","3":"status-publish","4":"has-post-thumbnail","6":"pwb-brand-gardena","7":"product_cat-linha-hidro","8":"product_cat-gardena","9":"product_tag-impulso","10":"product_tag-pistola","11":"product_tag-rega","13":"first","14":"instock","15":"shipping-taxable","16":"product-type-simple"},"brands":[{"id":89,"name":"Gardena","slug":"gardena"}],"_links":{"self":[{"href":"https:\/\/nordtech.com.br\/index.php?rest_route=\/wp\/v2\/product\/4385","targetHints":{"allow":["GET"]}}],"collection":[{"href":"https:\/\/nordtech.com.br\/index.php?rest_route=\/wp\/v2\/product"}],"about":[{"href":"https:\/\/nordtech.com.br\/index.php?rest_route=\/wp\/v2\/types\/product"}],"replies":[{"embeddable":true,"href":"https:\/\/nordtech.com.br\/index.php?rest_route=%2Fwp%2Fv2%2Fcomments&post=4385"}],"wp:featuredmedia":[{"embeddable":true,"href":"https:\/\/nordtech.com.br\/index.php?rest_route=\/wp\/v2\/media\/4386"}],"wp:attachment":[{"href":"https:\/\/nordtech.com.br\/index.php?rest_route=%2Fwp%2Fv2%2Fmedia&parent=4385"}],"curies":[{"name":"wp","href":"https:\/\/api.w.org\/{rel}","templated":true}]}}