{"id":4380,"date":"2021-12-08T15:06:35","date_gmt":"2021-12-08T18:06:35","guid":{"rendered":"https:\/\/nordtech.com.br\/?post_type=product&#038;p=4380"},"modified":"2021-12-08T15:06:35","modified_gmt":"2021-12-08T18:06:35","slug":"kit-porta-mangueira-gardena-60ts-2","status":"publish","type":"product","link":"https:\/\/nordtech.com.br\/?product=kit-porta-mangueira-gardena-60ts-2","title":{"rendered":"Kit Porta Mangueira Gardena 60TS"},"content":{"rendered":"","protected":false},"excerpt":{"rendered":"<p>Kit Porta Mangueira com rodas, base em formato especial, pagada ajust\u00e1vel e manivela dobr\u00e1vel. Proporciona um transporte c\u00f4modo, armazenamento compacto e n\u00e3o deixa a mangueira dobrar.<\/p>\n","protected":false},"featured_media":4382,"comment_status":"open","ping_status":"closed","template":"","meta":[],"class_list":{"0":"post-4380","1":"product","2":"type-product","3":"status-publish","4":"has-post-thumbnail","6":"pwb-brand-gardena","7":"product_cat-linha-hidro","8":"product_cat-gardena","9":"product_tag-kit","10":"product_tag-kit-porta-mangueira","12":"first","13":"instock","14":"shipping-taxable","15":"product-type-simple"},"brands":[{"id":89,"name":"Gardena","slug":"gardena"}],"_links":{"self":[{"href":"https:\/\/nordtech.com.br\/index.php?rest_route=\/wp\/v2\/product\/4380","targetHints":{"allow":["GET"]}}],"collection":[{"href":"https:\/\/nordtech.com.br\/index.php?rest_route=\/wp\/v2\/product"}],"about":[{"href":"https:\/\/nordtech.com.br\/index.php?rest_route=\/wp\/v2\/types\/product"}],"replies":[{"embeddable":true,"href":"https:\/\/nordtech.com.br\/index.php?rest_route=%2Fwp%2Fv2%2Fcomments&post=4380"}],"wp:featuredmedia":[{"embeddable":true,"href":"https:\/\/nordtech.com.br\/index.php?rest_route=\/wp\/v2\/media\/4382"}],"wp:attachment":[{"href":"https:\/\/nordtech.com.br\/index.php?rest_route=%2Fwp%2Fv2%2Fmedia&parent=4380"}],"curies":[{"name":"wp","href":"https:\/\/api.w.org\/{rel}","templated":true}]}}