{"id":4376,"date":"2021-12-08T14:45:09","date_gmt":"2021-12-08T17:45:09","guid":{"rendered":"https:\/\/nordtech.com.br\/?post_type=product&#038;p=4376"},"modified":"2021-12-08T14:45:09","modified_gmt":"2021-12-08T17:45:09","slug":"conjunto-pistola-e-mangueira-gardena-em-polieuretano-espiral","status":"publish","type":"product","link":"https:\/\/nordtech.com.br\/?product=conjunto-pistola-e-mangueira-gardena-em-polieuretano-espiral","title":{"rendered":"Conjunto Pistola e Mangueira Gardena em Polieuretano Espiral"},"content":{"rendered":"","protected":false},"excerpt":{"rendered":"<p>10m<br \/>\nCaixa Master: 4 unidades<br \/>\nAcompanha uma pistola de irriga\u00e7\u00e3o Gardena Classic<\/p>\n<p>Ideal para a rega de plantas em sacadas ou pequenos jardins. O poder de retra\u00e7\u00e3o da mangueira em espiral diminui bastante o espa\u00e7o que ela ocupa<\/p>\n","protected":false},"featured_media":4377,"comment_status":"open","ping_status":"closed","template":"","meta":[],"class_list":{"0":"post-4376","1":"product","2":"type-product","3":"status-publish","4":"has-post-thumbnail","6":"pwb-brand-gardena","7":"product_cat-linha-hidro","8":"product_cat-gardena","9":"product_tag-conjunto","10":"product_tag-kit-pistola-e-mangueira","11":"product_tag-mangueira","12":"product_tag-pistola","14":"first","15":"instock","16":"shipping-taxable","17":"product-type-simple"},"brands":[{"id":89,"name":"Gardena","slug":"gardena"}],"_links":{"self":[{"href":"https:\/\/nordtech.com.br\/index.php?rest_route=\/wp\/v2\/product\/4376","targetHints":{"allow":["GET"]}}],"collection":[{"href":"https:\/\/nordtech.com.br\/index.php?rest_route=\/wp\/v2\/product"}],"about":[{"href":"https:\/\/nordtech.com.br\/index.php?rest_route=\/wp\/v2\/types\/product"}],"replies":[{"embeddable":true,"href":"https:\/\/nordtech.com.br\/index.php?rest_route=%2Fwp%2Fv2%2Fcomments&post=4376"}],"wp:featuredmedia":[{"embeddable":true,"href":"https:\/\/nordtech.com.br\/index.php?rest_route=\/wp\/v2\/media\/4377"}],"wp:attachment":[{"href":"https:\/\/nordtech.com.br\/index.php?rest_route=%2Fwp%2Fv2%2Fmedia&parent=4376"}],"curies":[{"name":"wp","href":"https:\/\/api.w.org\/{rel}","templated":true}]}}