{"id":4372,"date":"2021-12-08T14:23:08","date_gmt":"2021-12-08T17:23:08","guid":{"rendered":"https:\/\/nordtech.com.br\/?post_type=product&#038;p=4372"},"modified":"2021-12-08T14:23:09","modified_gmt":"2021-12-08T17:23:09","slug":"rastelo-gardena-para-condutor-de-agua","status":"publish","type":"product","link":"https:\/\/nordtech.com.br\/?product=rastelo-gardena-para-condutor-de-agua","title":{"rendered":"Rastelo Gardena para Condutor de \u00c1gua"},"content":{"rendered":"","protected":false},"excerpt":{"rendered":"<p>Com bico plano especial para remover sujeira resistente<br \/>\nAperto de \u00e1gua com aba de borracha dupla dur\u00e1vel<br \/>\nLargura de trabalho extra grande (43 cm)<br \/>\nDescri\u00e7\u00e3o do produto:43,5 x 15 x 7,5<\/p>\n<p>Ideal para superf\u00edcies robustas, como terra\u00e7os, cal\u00e7adas, por\u00f5es, entradas de garagem e etc. Limpa com efici\u00eancia e rapidez.<\/p>\n","protected":false},"featured_media":4373,"comment_status":"open","ping_status":"closed","template":"","meta":[],"class_list":{"0":"post-4372","1":"product","2":"type-product","3":"status-publish","4":"has-post-thumbnail","6":"pwb-brand-gardena","7":"product_cat-linha-jardim","8":"product_cat-gardena","9":"product_tag-rastelo","10":"product_tag-rastelo-condutor","11":"product_tag-rastelo-limpeza","13":"first","14":"instock","15":"shipping-taxable","16":"product-type-simple"},"brands":[{"id":89,"name":"Gardena","slug":"gardena"}],"_links":{"self":[{"href":"https:\/\/nordtech.com.br\/index.php?rest_route=\/wp\/v2\/product\/4372","targetHints":{"allow":["GET"]}}],"collection":[{"href":"https:\/\/nordtech.com.br\/index.php?rest_route=\/wp\/v2\/product"}],"about":[{"href":"https:\/\/nordtech.com.br\/index.php?rest_route=\/wp\/v2\/types\/product"}],"replies":[{"embeddable":true,"href":"https:\/\/nordtech.com.br\/index.php?rest_route=%2Fwp%2Fv2%2Fcomments&post=4372"}],"wp:featuredmedia":[{"embeddable":true,"href":"https:\/\/nordtech.com.br\/index.php?rest_route=\/wp\/v2\/media\/4373"}],"wp:attachment":[{"href":"https:\/\/nordtech.com.br\/index.php?rest_route=%2Fwp%2Fv2%2Fmedia&parent=4372"}],"curies":[{"name":"wp","href":"https:\/\/api.w.org\/{rel}","templated":true}]}}