{"id":4368,"date":"2021-12-08T14:06:29","date_gmt":"2021-12-08T17:06:29","guid":{"rendered":"https:\/\/nordtech.com.br\/?post_type=product&#038;p=4368"},"modified":"2021-12-08T14:06:30","modified_gmt":"2021-12-08T17:06:30","slug":"cabo-combisystem-gardena-2","status":"publish","type":"product","link":"https:\/\/nordtech.com.br\/?product=cabo-combisystem-gardena-2","title":{"rendered":"Cabo Combisystem Gardena"},"content":{"rendered":"","protected":false},"excerpt":{"rendered":"<p>Cabo Combisystem, fabricado em madeira com 150 cm de comprimento. Com o Cabo Gardena Combisystem, todas as ferramentas combisystem podem ser estendidas. Sua madeira de alta qualidade absorve boa parte das vibra\u00e7\u00f5es e tem certifica\u00e7\u00e3o FSC.<\/p>\n","protected":false},"featured_media":4369,"comment_status":"open","ping_status":"closed","template":"","meta":[],"class_list":{"0":"post-4368","1":"product","2":"type-product","3":"status-publish","4":"has-post-thumbnail","6":"pwb-brand-gardena","7":"product_cat-linha-jardim","8":"product_cat-gardena","9":"product_tag-cabo","10":"product_tag-cabo-combisystem","11":"product_tag-cabo-extensor","13":"first","14":"instock","15":"shipping-taxable","16":"product-type-simple"},"brands":[{"id":89,"name":"Gardena","slug":"gardena"}],"_links":{"self":[{"href":"https:\/\/nordtech.com.br\/index.php?rest_route=\/wp\/v2\/product\/4368","targetHints":{"allow":["GET"]}}],"collection":[{"href":"https:\/\/nordtech.com.br\/index.php?rest_route=\/wp\/v2\/product"}],"about":[{"href":"https:\/\/nordtech.com.br\/index.php?rest_route=\/wp\/v2\/types\/product"}],"replies":[{"embeddable":true,"href":"https:\/\/nordtech.com.br\/index.php?rest_route=%2Fwp%2Fv2%2Fcomments&post=4368"}],"wp:featuredmedia":[{"embeddable":true,"href":"https:\/\/nordtech.com.br\/index.php?rest_route=\/wp\/v2\/media\/4369"}],"wp:attachment":[{"href":"https:\/\/nordtech.com.br\/index.php?rest_route=%2Fwp%2Fv2%2Fmedia&parent=4368"}],"curies":[{"name":"wp","href":"https:\/\/api.w.org\/{rel}","templated":true}]}}