{"id":4365,"date":"2021-12-08T13:56:38","date_gmt":"2021-12-08T16:56:38","guid":{"rendered":"https:\/\/nordtech.com.br\/?post_type=product&#038;p=4365"},"modified":"2021-12-08T13:56:38","modified_gmt":"2021-12-08T16:56:38","slug":"arejador-de-grama-cilindrico-gardena-2","status":"publish","type":"product","link":"https:\/\/nordtech.com.br\/?product=arejador-de-grama-cilindrico-gardena-2","title":{"rendered":"Arejador de Grama Cilindrico Gardena"},"content":{"rendered":"","protected":false},"excerpt":{"rendered":"<p>Arejador de Grama Cil\u00edndrico, leve e f\u00e1cil de usar possui l\u00e2mina especial de a\u00e7o. Remove musgo, melhora o ar, a rega e a absor\u00e7\u00e3o de nutrientes da grama.<\/p>\n","protected":false},"featured_media":4366,"comment_status":"open","ping_status":"closed","template":"","meta":[],"class_list":{"0":"post-4365","1":"product","2":"type-product","3":"status-publish","4":"has-post-thumbnail","6":"pwb-brand-gardena","7":"product_cat-linha-jardim","8":"product_cat-gardena","9":"product_tag-arejador","10":"product_tag-arejador-cilindrico","11":"product_tag-arejador-de-grama","13":"first","14":"instock","15":"shipping-taxable","16":"product-type-simple"},"brands":[{"id":89,"name":"Gardena","slug":"gardena"}],"_links":{"self":[{"href":"https:\/\/nordtech.com.br\/index.php?rest_route=\/wp\/v2\/product\/4365","targetHints":{"allow":["GET"]}}],"collection":[{"href":"https:\/\/nordtech.com.br\/index.php?rest_route=\/wp\/v2\/product"}],"about":[{"href":"https:\/\/nordtech.com.br\/index.php?rest_route=\/wp\/v2\/types\/product"}],"replies":[{"embeddable":true,"href":"https:\/\/nordtech.com.br\/index.php?rest_route=%2Fwp%2Fv2%2Fcomments&post=4365"}],"wp:featuredmedia":[{"embeddable":true,"href":"https:\/\/nordtech.com.br\/index.php?rest_route=\/wp\/v2\/media\/4366"}],"wp:attachment":[{"href":"https:\/\/nordtech.com.br\/index.php?rest_route=%2Fwp%2Fv2%2Fmedia&parent=4365"}],"curies":[{"name":"wp","href":"https:\/\/api.w.org\/{rel}","templated":true}]}}