{"id":4363,"date":"2021-12-08T13:49:14","date_gmt":"2021-12-08T16:49:14","guid":{"rendered":"https:\/\/nordtech.com.br\/?post_type=product&#038;p=4363"},"modified":"2021-12-08T13:49:14","modified_gmt":"2021-12-08T16:49:14","slug":"transplantador-para-plantas-gardena","status":"publish","type":"product","link":"https:\/\/nordtech.com.br\/?product=transplantador-para-plantas-gardena","title":{"rendered":"Transplantador para Plantas Gardena"},"content":{"rendered":"","protected":false},"excerpt":{"rendered":"<p>Prote\u00e7\u00e3o contra corros\u00e3o<br \/>\nFeito de a\u00e7o de alta qualidade<br \/>\nCaixa Master: 5 unidades<\/p>\n<p>Com um mecanismo de ativa\u00e7\u00e3o manual, torna o transplante de plantas f\u00e1cil e r\u00e1pido.<\/p>\n","protected":false},"featured_media":4364,"comment_status":"open","ping_status":"closed","template":"","meta":[],"class_list":{"0":"post-4363","1":"product","2":"type-product","3":"status-publish","4":"has-post-thumbnail","6":"pwb-brand-gardena","7":"product_cat-linha-jardim","8":"product_cat-gardena","9":"product_tag-plantas","10":"product_tag-transplantador","12":"first","13":"instock","14":"shipping-taxable","15":"product-type-simple"},"brands":[{"id":89,"name":"Gardena","slug":"gardena"}],"_links":{"self":[{"href":"https:\/\/nordtech.com.br\/index.php?rest_route=\/wp\/v2\/product\/4363","targetHints":{"allow":["GET"]}}],"collection":[{"href":"https:\/\/nordtech.com.br\/index.php?rest_route=\/wp\/v2\/product"}],"about":[{"href":"https:\/\/nordtech.com.br\/index.php?rest_route=\/wp\/v2\/types\/product"}],"replies":[{"embeddable":true,"href":"https:\/\/nordtech.com.br\/index.php?rest_route=%2Fwp%2Fv2%2Fcomments&post=4363"}],"wp:featuredmedia":[{"embeddable":true,"href":"https:\/\/nordtech.com.br\/index.php?rest_route=\/wp\/v2\/media\/4364"}],"wp:attachment":[{"href":"https:\/\/nordtech.com.br\/index.php?rest_route=%2Fwp%2Fv2%2Fmedia&parent=4363"}],"curies":[{"name":"wp","href":"https:\/\/api.w.org\/{rel}","templated":true}]}}