{"id":4355,"date":"2021-12-08T12:05:33","date_gmt":"2021-12-08T15:05:33","guid":{"rendered":"https:\/\/nordtech.com.br\/?post_type=product&#038;p=4355"},"modified":"2021-12-08T12:05:33","modified_gmt":"2021-12-08T15:05:33","slug":"conector-para-dois-engates-rapidos-gardena","status":"publish","type":"product","link":"https:\/\/nordtech.com.br\/?product=conector-para-dois-engates-rapidos-gardena","title":{"rendered":"Conector Para Dois Engates R\u00e1pidos Gardena"},"content":{"rendered":"","protected":false},"excerpt":{"rendered":"<p>Conector de exten\u00e7\u00e3o para mangueira de jardim<br \/>\nCom engate r\u00e1pido<br \/>\nCom dispositivo antivazamento<\/p>\n<p>Super pr\u00e1tico, \u00e9 usado para conectar mangueiras com mangueiras e mangueiras com exten\u00e7\u00f5es de engate r\u00e1pido.<\/p>\n","protected":false},"featured_media":4356,"comment_status":"open","ping_status":"closed","template":"","meta":[],"class_list":{"0":"post-4355","1":"product","2":"type-product","3":"status-publish","4":"has-post-thumbnail","6":"pwb-brand-gardena","7":"product_cat-linha-hidro","8":"product_cat-gardena","9":"product_tag-conector","10":"product_tag-conector-dois-engates","12":"first","13":"instock","14":"shipping-taxable","15":"product-type-simple"},"brands":[{"id":89,"name":"Gardena","slug":"gardena"}],"_links":{"self":[{"href":"https:\/\/nordtech.com.br\/index.php?rest_route=\/wp\/v2\/product\/4355","targetHints":{"allow":["GET"]}}],"collection":[{"href":"https:\/\/nordtech.com.br\/index.php?rest_route=\/wp\/v2\/product"}],"about":[{"href":"https:\/\/nordtech.com.br\/index.php?rest_route=\/wp\/v2\/types\/product"}],"replies":[{"embeddable":true,"href":"https:\/\/nordtech.com.br\/index.php?rest_route=%2Fwp%2Fv2%2Fcomments&post=4355"}],"wp:featuredmedia":[{"embeddable":true,"href":"https:\/\/nordtech.com.br\/index.php?rest_route=\/wp\/v2\/media\/4356"}],"wp:attachment":[{"href":"https:\/\/nordtech.com.br\/index.php?rest_route=%2Fwp%2Fv2%2Fmedia&parent=4355"}],"curies":[{"name":"wp","href":"https:\/\/api.w.org\/{rel}","templated":true}]}}