{"id":4353,"date":"2021-12-08T11:58:21","date_gmt":"2021-12-08T14:58:21","guid":{"rendered":"https:\/\/nordtech.com.br\/?post_type=product&#038;p=4353"},"modified":"2021-12-08T11:58:21","modified_gmt":"2021-12-08T14:58:21","slug":"colhedor-de-frutas-combisystem-molde-plastico-2","status":"publish","type":"product","link":"https:\/\/nordtech.com.br\/?product=colhedor-de-frutas-combisystem-molde-plastico-2","title":{"rendered":"Colhedor de Frutas Combisystem Molde Pl\u00e1stico"},"content":{"rendered":"","protected":false},"excerpt":{"rendered":"<p>Colhedor de Frutas Combisystem, com ajuste de posi\u00e7\u00e3o para recolhimento e l\u00e2mina de a\u00e7o inoxid\u00e1vel. \u00c9 excelente para colher comodamente fruta das \u00e1rvores. No saco de algod\u00e3o, a fruta pode ser recolhida de forma ideal, depois de o talo ter sido cortado por uma l\u00e2mina integrada. Para alcan\u00e7ar comodamente todos os pontos das \u00e1rvores e facilitar a recolha, o \u00e2ngulo de trabalho do colhedor de frutas pode ser totalmente ajustado, gra\u00e7as \u00e0 uni\u00e3o rotativa com infinitas posi\u00e7\u00f5es de ajuste.<\/p>\n","protected":false},"featured_media":4354,"comment_status":"open","ping_status":"closed","template":"","meta":[],"class_list":{"0":"post-4353","1":"product","2":"type-product","3":"status-publish","4":"has-post-thumbnail","6":"pwb-brand-gardena","7":"product_cat-linha-jardim","8":"product_cat-gardena","9":"product_tag-colhedor","10":"product_tag-colhedor-de-fruta","11":"product_tag-combissystem","13":"first","14":"instock","15":"shipping-taxable","16":"product-type-simple"},"brands":[{"id":89,"name":"Gardena","slug":"gardena"}],"_links":{"self":[{"href":"https:\/\/nordtech.com.br\/index.php?rest_route=\/wp\/v2\/product\/4353","targetHints":{"allow":["GET"]}}],"collection":[{"href":"https:\/\/nordtech.com.br\/index.php?rest_route=\/wp\/v2\/product"}],"about":[{"href":"https:\/\/nordtech.com.br\/index.php?rest_route=\/wp\/v2\/types\/product"}],"replies":[{"embeddable":true,"href":"https:\/\/nordtech.com.br\/index.php?rest_route=%2Fwp%2Fv2%2Fcomments&post=4353"}],"wp:featuredmedia":[{"embeddable":true,"href":"https:\/\/nordtech.com.br\/index.php?rest_route=\/wp\/v2\/media\/4354"}],"wp:attachment":[{"href":"https:\/\/nordtech.com.br\/index.php?rest_route=%2Fwp%2Fv2%2Fmedia&parent=4353"}],"curies":[{"name":"wp","href":"https:\/\/api.w.org\/{rel}","templated":true}]}}