{"id":4348,"date":"2021-12-08T11:38:04","date_gmt":"2021-12-08T14:38:04","guid":{"rendered":"https:\/\/nordtech.com.br\/?post_type=product&#038;p=4348"},"modified":"2021-12-08T11:38:04","modified_gmt":"2021-12-08T14:38:04","slug":"adaptador-de-rosca-gardena-bubble-jet-m-24-2","status":"publish","type":"product","link":"https:\/\/nordtech.com.br\/?product=adaptador-de-rosca-gardena-bubble-jet-m-24-2","title":{"rendered":"Adaptador de Rosca Gardena Bubble-Jet M 24"},"content":{"rendered":"","protected":false},"excerpt":{"rendered":"<p>Adaptador de Rosca Gardena Bubble-Jet M 24, fabricado em a\u00e7o de alta qualidade possui com prote\u00e7\u00e3o contra o frio, sem necessidade de montagem. Gra\u00e7as ao adaptador rosqueado de jato de bolhas, o sistema GARDENA pode ser facilmente conectado a uma torneira com cabe\u00e7a arejada.<\/p>\n","protected":false},"featured_media":4349,"comment_status":"open","ping_status":"closed","template":"","meta":[],"class_list":{"0":"post-4348","1":"product","2":"type-product","3":"status-publish","4":"has-post-thumbnail","6":"pwb-brand-gardena","7":"product_cat-linha-hidro","8":"product_cat-gardena","9":"product_tag-adaptador","10":"product_tag-adaptador-de-rosca","12":"first","13":"instock","14":"shipping-taxable","15":"product-type-simple"},"brands":[{"id":89,"name":"Gardena","slug":"gardena"}],"_links":{"self":[{"href":"https:\/\/nordtech.com.br\/index.php?rest_route=\/wp\/v2\/product\/4348","targetHints":{"allow":["GET"]}}],"collection":[{"href":"https:\/\/nordtech.com.br\/index.php?rest_route=\/wp\/v2\/product"}],"about":[{"href":"https:\/\/nordtech.com.br\/index.php?rest_route=\/wp\/v2\/types\/product"}],"replies":[{"embeddable":true,"href":"https:\/\/nordtech.com.br\/index.php?rest_route=%2Fwp%2Fv2%2Fcomments&post=4348"}],"wp:featuredmedia":[{"embeddable":true,"href":"https:\/\/nordtech.com.br\/index.php?rest_route=\/wp\/v2\/media\/4349"}],"wp:attachment":[{"href":"https:\/\/nordtech.com.br\/index.php?rest_route=%2Fwp%2Fv2%2Fmedia&parent=4348"}],"curies":[{"name":"wp","href":"https:\/\/api.w.org\/{rel}","templated":true}]}}