{"id":4340,"date":"2021-12-08T10:17:59","date_gmt":"2021-12-08T13:17:59","guid":{"rendered":"https:\/\/nordtech.com.br\/?post_type=product&#038;p=4340"},"modified":"2021-12-08T10:17:59","modified_gmt":"2021-12-08T13:17:59","slug":"suporte-fixo-de-parede-gardena-para-mangueiras-2","status":"publish","type":"product","link":"https:\/\/nordtech.com.br\/?product=suporte-fixo-de-parede-gardena-para-mangueiras-2","title":{"rendered":"Suporte Fixo de Parede Gardena para Mangueiras"},"content":{"rendered":"","protected":false},"excerpt":{"rendered":"<p>Compacto e dur\u00e1vel, o suporte de parede para mangueira Gardena serve para armazenar mangueiras de jardim na parede de forma f\u00e1cil e r\u00e1pida. Conta tamb\u00e9m com espa\u00e7o para pendurar agulhetas, pulverizadores e aspersores.<\/p>\n","protected":false},"featured_media":4341,"comment_status":"open","ping_status":"closed","template":"","meta":[],"class_list":{"0":"post-4340","1":"product","2":"type-product","3":"status-publish","4":"has-post-thumbnail","6":"pwb-brand-gardena","7":"product_cat-linha-hidro","8":"product_cat-gardena","9":"product_tag-suporte","10":"product_tag-suporte-fixo","11":"product_tag-suporte-mangueira","12":"product_tag-suporte-parede","14":"first","15":"instock","16":"shipping-taxable","17":"product-type-simple"},"brands":[{"id":89,"name":"Gardena","slug":"gardena"}],"_links":{"self":[{"href":"https:\/\/nordtech.com.br\/index.php?rest_route=\/wp\/v2\/product\/4340","targetHints":{"allow":["GET"]}}],"collection":[{"href":"https:\/\/nordtech.com.br\/index.php?rest_route=\/wp\/v2\/product"}],"about":[{"href":"https:\/\/nordtech.com.br\/index.php?rest_route=\/wp\/v2\/types\/product"}],"replies":[{"embeddable":true,"href":"https:\/\/nordtech.com.br\/index.php?rest_route=%2Fwp%2Fv2%2Fcomments&post=4340"}],"wp:featuredmedia":[{"embeddable":true,"href":"https:\/\/nordtech.com.br\/index.php?rest_route=\/wp\/v2\/media\/4341"}],"wp:attachment":[{"href":"https:\/\/nordtech.com.br\/index.php?rest_route=%2Fwp%2Fv2%2Fmedia&parent=4340"}],"curies":[{"name":"wp","href":"https:\/\/api.w.org\/{rel}","templated":true}]}}