{"id":4331,"date":"2021-12-08T09:44:50","date_gmt":"2021-12-08T12:44:50","guid":{"rendered":"https:\/\/nordtech.com.br\/?post_type=product&#038;p=4331"},"modified":"2021-12-08T09:44:50","modified_gmt":"2021-12-08T12:44:50","slug":"porta-mangueira-gardena-cleverroll-60-ts","status":"publish","type":"product","link":"https:\/\/nordtech.com.br\/?product=porta-mangueira-gardena-cleverroll-60-ts","title":{"rendered":"Porta-mangueira Gardena CleverRoll 60 TS"},"content":{"rendered":"","protected":false},"excerpt":{"rendered":"<p>Capacidade m\u00e1xima: 60 m 13 mm (1\/2&#8243;), 50 m 15 mm (5\/8&#8243;), 35 m 19 mm (3\/4&#8243;)<br \/>\nCom p\u00e9 dobr\u00e1vel para facilitar a rega mesmo quando a mangueira \u00e9 puxada<br \/>\nConex\u00e3o na diagonal no interior da base evita que a mangueira dobre e garante fluxo m\u00e1ximo constante de \u00e1gua<br \/>\nDispositivo anti-gotas evita que a \u00e1gua vaze depois do uso ou durante o transporte da mangueira<\/p>\n<p>O Gardena CleverRoll M permite guardar a mangueira de jardim com economia de espa\u00e7o e \u00e9 f\u00e1cil de usar. A manivela ergon\u00f4mica com componentes de pl\u00e1stico macio rebobina a mangueira de forma confi\u00e1vel.<\/p>\n","protected":false},"featured_media":4332,"comment_status":"open","ping_status":"closed","template":"","meta":[],"class_list":{"0":"post-4331","1":"product","2":"type-product","3":"status-publish","4":"has-post-thumbnail","6":"pwb-brand-gardena","7":"product_cat-linha-hidro","8":"product_cat-gardena","9":"product_tag-cleverroll","10":"product_tag-mangueira","11":"product_tag-porta-mangueira","13":"first","14":"instock","15":"shipping-taxable","16":"product-type-simple"},"brands":[{"id":89,"name":"Gardena","slug":"gardena"}],"_links":{"self":[{"href":"https:\/\/nordtech.com.br\/index.php?rest_route=\/wp\/v2\/product\/4331","targetHints":{"allow":["GET"]}}],"collection":[{"href":"https:\/\/nordtech.com.br\/index.php?rest_route=\/wp\/v2\/product"}],"about":[{"href":"https:\/\/nordtech.com.br\/index.php?rest_route=\/wp\/v2\/types\/product"}],"replies":[{"embeddable":true,"href":"https:\/\/nordtech.com.br\/index.php?rest_route=%2Fwp%2Fv2%2Fcomments&post=4331"}],"wp:featuredmedia":[{"embeddable":true,"href":"https:\/\/nordtech.com.br\/index.php?rest_route=\/wp\/v2\/media\/4332"}],"wp:attachment":[{"href":"https:\/\/nordtech.com.br\/index.php?rest_route=%2Fwp%2Fv2%2Fmedia&parent=4331"}],"curies":[{"name":"wp","href":"https:\/\/api.w.org\/{rel}","templated":true}]}}