{"id":4329,"date":"2021-12-08T09:22:27","date_gmt":"2021-12-08T12:22:27","guid":{"rendered":"https:\/\/nordtech.com.br\/?post_type=product&#038;p=4329"},"modified":"2021-12-08T09:24:00","modified_gmt":"2021-12-08T12:24:00","slug":"esguicho-gardena-classic-com-jato-regulavel","status":"publish","type":"product","link":"https:\/\/nordtech.com.br\/?product=esguicho-gardena-classic-com-jato-regulavel","title":{"rendered":"Esguicho Gardena Classic com Jato Regul\u00e1vel"},"content":{"rendered":"","protected":false},"excerpt":{"rendered":"<p>Ideal para a limpeza intensiva de manchas e tamb\u00e9m para a rega com n\u00e9voa fina<\/p>\n<p>Diversas posi\u00e7\u00f5es de ajuste para pulveriza\u00e7\u00e3o da \u00e1gua<br \/>\nProte\u00e7\u00e3o contra o frio<\/p>\n","protected":false},"featured_media":4330,"comment_status":"open","ping_status":"closed","template":"","meta":[],"class_list":{"0":"post-4329","1":"product","2":"type-product","3":"status-publish","4":"has-post-thumbnail","6":"pwb-brand-gardena","7":"product_cat-linha-hidro","8":"product_cat-gardena","9":"product_tag-esguicho","10":"product_tag-esguicho-jato-regulavel","12":"first","13":"instock","14":"shipping-taxable","15":"product-type-simple"},"brands":[{"id":89,"name":"Gardena","slug":"gardena"}],"_links":{"self":[{"href":"https:\/\/nordtech.com.br\/index.php?rest_route=\/wp\/v2\/product\/4329","targetHints":{"allow":["GET"]}}],"collection":[{"href":"https:\/\/nordtech.com.br\/index.php?rest_route=\/wp\/v2\/product"}],"about":[{"href":"https:\/\/nordtech.com.br\/index.php?rest_route=\/wp\/v2\/types\/product"}],"replies":[{"embeddable":true,"href":"https:\/\/nordtech.com.br\/index.php?rest_route=%2Fwp%2Fv2%2Fcomments&post=4329"}],"wp:featuredmedia":[{"embeddable":true,"href":"https:\/\/nordtech.com.br\/index.php?rest_route=\/wp\/v2\/media\/4330"}],"wp:attachment":[{"href":"https:\/\/nordtech.com.br\/index.php?rest_route=%2Fwp%2Fv2%2Fmedia&parent=4329"}],"curies":[{"name":"wp","href":"https:\/\/api.w.org\/{rel}","templated":true}]}}