{"id":4327,"date":"2021-12-08T09:18:27","date_gmt":"2021-12-08T12:18:27","guid":{"rendered":"https:\/\/nordtech.com.br\/?post_type=product&#038;p=4327"},"modified":"2021-12-08T09:18:27","modified_gmt":"2021-12-08T12:18:27","slug":"conjunto-basico-de-ferramentas-gardena-para-varandas","status":"publish","type":"product","link":"https:\/\/nordtech.com.br\/?product=conjunto-basico-de-ferramentas-gardena-para-varandas","title":{"rendered":"Conjunto B\u00e1sico de Ferramentas Gardena para Varandas"},"content":{"rendered":"","protected":false},"excerpt":{"rendered":"<p>Uma espa\u00e7osa caixa de pl\u00e1stico com tampa que funcina como p\u00e1 de lixo<br \/>\nCont\u00e9m uma esp\u00e1tula, uma ro\u00e7adeira, tesoura de poda e escova de m\u00e3o<\/p>\n<p>Ideal para jardins de varanda e terra\u00e7os<\/p>\n","protected":false},"featured_media":4328,"comment_status":"open","ping_status":"closed","template":"","meta":[],"class_list":{"0":"post-4327","1":"product","2":"type-product","3":"status-publish","4":"has-post-thumbnail","6":"pwb-brand-gardena","7":"product_cat-linha-jardim","8":"product_cat-gardena","9":"product_tag-conjunto-de-ferramentas","10":"product_tag-ferramentas","11":"product_tag-ferramentas-para-varanda","12":"product_tag-kit-de-ferramentas","14":"first","15":"instock","16":"shipping-taxable","17":"product-type-simple"},"brands":[{"id":89,"name":"Gardena","slug":"gardena"}],"_links":{"self":[{"href":"https:\/\/nordtech.com.br\/index.php?rest_route=\/wp\/v2\/product\/4327","targetHints":{"allow":["GET"]}}],"collection":[{"href":"https:\/\/nordtech.com.br\/index.php?rest_route=\/wp\/v2\/product"}],"about":[{"href":"https:\/\/nordtech.com.br\/index.php?rest_route=\/wp\/v2\/types\/product"}],"replies":[{"embeddable":true,"href":"https:\/\/nordtech.com.br\/index.php?rest_route=%2Fwp%2Fv2%2Fcomments&post=4327"}],"wp:featuredmedia":[{"embeddable":true,"href":"https:\/\/nordtech.com.br\/index.php?rest_route=\/wp\/v2\/media\/4328"}],"wp:attachment":[{"href":"https:\/\/nordtech.com.br\/index.php?rest_route=%2Fwp%2Fv2%2Fmedia&parent=4327"}],"curies":[{"name":"wp","href":"https:\/\/api.w.org\/{rel}","templated":true}]}}