{"id":4323,"date":"2021-12-08T09:05:56","date_gmt":"2021-12-08T12:05:56","guid":{"rendered":"https:\/\/nordtech.com.br\/?post_type=product&#038;p=4323"},"modified":"2021-12-08T09:05:56","modified_gmt":"2021-12-08T12:05:56","slug":"hidro-pistola-gardena-premium","status":"publish","type":"product","link":"https:\/\/nordtech.com.br\/?product=hidro-pistola-gardena-premium","title":{"rendered":"Hidro Pistola Gardena Premium"},"content":{"rendered":"","protected":false},"excerpt":{"rendered":"<p>Com 5 tipos de spray: suave, jato de bolhas, n\u00e9voa fina, jato plano e jato forte<br \/>\nCabo e gatilho ergon\u00f4micos<br \/>\nCom trava no gatilho<br \/>\nCom filtro remov\u00edvel contra sujeira<br \/>\nCom prote\u00e7\u00e3o contra o frio<\/p>\n<p>Ideal para irriga\u00e7\u00e3o e limpeza. O fluxo de \u00e1gua pode ser mantido de maneira cont\u00ednua atrav\u00e9s de uma trava no gatilho, evitando o cansa\u00e7o das m\u00e3os.<\/p>\n","protected":false},"featured_media":4324,"comment_status":"open","ping_status":"closed","template":"","meta":[],"class_list":{"0":"post-4323","1":"product","2":"type-product","3":"status-publish","4":"has-post-thumbnail","6":"pwb-brand-gardena","7":"product_cat-linha-hidro","8":"product_cat-gardena","9":"product_tag-hidro-pistola","10":"product_tag-pistola","12":"first","13":"instock","14":"shipping-taxable","15":"product-type-simple"},"brands":[{"id":89,"name":"Gardena","slug":"gardena"}],"_links":{"self":[{"href":"https:\/\/nordtech.com.br\/index.php?rest_route=\/wp\/v2\/product\/4323","targetHints":{"allow":["GET"]}}],"collection":[{"href":"https:\/\/nordtech.com.br\/index.php?rest_route=\/wp\/v2\/product"}],"about":[{"href":"https:\/\/nordtech.com.br\/index.php?rest_route=\/wp\/v2\/types\/product"}],"replies":[{"embeddable":true,"href":"https:\/\/nordtech.com.br\/index.php?rest_route=%2Fwp%2Fv2%2Fcomments&post=4323"}],"wp:featuredmedia":[{"embeddable":true,"href":"https:\/\/nordtech.com.br\/index.php?rest_route=\/wp\/v2\/media\/4324"}],"wp:attachment":[{"href":"https:\/\/nordtech.com.br\/index.php?rest_route=%2Fwp%2Fv2%2Fmedia&parent=4323"}],"curies":[{"name":"wp","href":"https:\/\/api.w.org\/{rel}","templated":true}]}}