{"id":4306,"date":"2021-12-07T16:41:26","date_gmt":"2021-12-07T19:41:26","guid":{"rendered":"https:\/\/nordtech.com.br\/?post_type=product&#038;p=4306"},"modified":"2021-12-07T16:41:26","modified_gmt":"2021-12-07T19:41:26","slug":"desenterrador-de-erva-daninha-gardena-2","status":"publish","type":"product","link":"https:\/\/nordtech.com.br\/?product=desenterrador-de-erva-daninha-gardena-2","title":{"rendered":"Desenterrador de Erva Daninha Gardena"},"content":{"rendered":"","protected":false},"excerpt":{"rendered":"<p>Tamanho da l\u00e2mina: 14.5 cm<br \/>\nPossui prote\u00e7\u00e3o contra corros\u00e3o.<br \/>\nCaixa Master: 6 unidade<\/p>\n<p>Perfeito para remover ervas daninhas dos canteiros.<\/p>\n","protected":false},"featured_media":4307,"comment_status":"open","ping_status":"closed","template":"","meta":[],"class_list":{"0":"post-4306","1":"product","2":"type-product","3":"status-publish","4":"has-post-thumbnail","6":"pwb-brand-gardena","7":"product_cat-linha-jardim","8":"product_cat-gardena","9":"product_tag-desenterrador","10":"product_tag-erva-daninha","12":"first","13":"instock","14":"shipping-taxable","15":"product-type-simple"},"brands":[{"id":89,"name":"Gardena","slug":"gardena"}],"_links":{"self":[{"href":"https:\/\/nordtech.com.br\/index.php?rest_route=\/wp\/v2\/product\/4306","targetHints":{"allow":["GET"]}}],"collection":[{"href":"https:\/\/nordtech.com.br\/index.php?rest_route=\/wp\/v2\/product"}],"about":[{"href":"https:\/\/nordtech.com.br\/index.php?rest_route=\/wp\/v2\/types\/product"}],"replies":[{"embeddable":true,"href":"https:\/\/nordtech.com.br\/index.php?rest_route=%2Fwp%2Fv2%2Fcomments&post=4306"}],"wp:featuredmedia":[{"embeddable":true,"href":"https:\/\/nordtech.com.br\/index.php?rest_route=\/wp\/v2\/media\/4307"}],"wp:attachment":[{"href":"https:\/\/nordtech.com.br\/index.php?rest_route=%2Fwp%2Fv2%2Fmedia&parent=4306"}],"curies":[{"name":"wp","href":"https:\/\/api.w.org\/{rel}","templated":true}]}}