{"id":4303,"date":"2021-12-07T16:25:39","date_gmt":"2021-12-07T19:25:39","guid":{"rendered":"https:\/\/nordtech.com.br\/?post_type=product&#038;p=4303"},"modified":"2021-12-07T16:25:39","modified_gmt":"2021-12-07T19:25:39","slug":"tesourao-de-poda-gardena-comfort","status":"publish","type":"product","link":"https:\/\/nordtech.com.br\/?product=tesourao-de-poda-gardena-comfort","title":{"rendered":"Tesour\u00e3o de Poda Gardena Comfort"},"content":{"rendered":"","protected":false},"excerpt":{"rendered":"<p>Tipo Bypass<br \/>\nCabo Telesc\u00f3pico em Alum\u00ednio<br \/>\nDi\u00e2metro m\u00e1ximo de corte: 42 mm<br \/>\nCaixa Master: 2 unidades<\/p>\n<p>Indicado para uma poda f\u00e1cil e precisa. As l\u00e2minas curvas possuem uma mec\u00e2nica que facilita e corta de maneira suave os galhos.<\/p>\n","protected":false},"featured_media":4304,"comment_status":"open","ping_status":"closed","template":"","meta":[],"class_list":{"0":"post-4303","1":"product","2":"type-product","3":"status-publish","4":"has-post-thumbnail","6":"pwb-brand-gardena","7":"product_cat-gardena","8":"product_tag-tesourao","9":"product_tag-tesourao-comfort","10":"product_tag-tesourao-de-poda","12":"first","13":"instock","14":"shipping-taxable","15":"product-type-simple"},"brands":[{"id":89,"name":"Gardena","slug":"gardena"}],"_links":{"self":[{"href":"https:\/\/nordtech.com.br\/index.php?rest_route=\/wp\/v2\/product\/4303","targetHints":{"allow":["GET"]}}],"collection":[{"href":"https:\/\/nordtech.com.br\/index.php?rest_route=\/wp\/v2\/product"}],"about":[{"href":"https:\/\/nordtech.com.br\/index.php?rest_route=\/wp\/v2\/types\/product"}],"replies":[{"embeddable":true,"href":"https:\/\/nordtech.com.br\/index.php?rest_route=%2Fwp%2Fv2%2Fcomments&post=4303"}],"wp:featuredmedia":[{"embeddable":true,"href":"https:\/\/nordtech.com.br\/index.php?rest_route=\/wp\/v2\/media\/4304"}],"wp:attachment":[{"href":"https:\/\/nordtech.com.br\/index.php?rest_route=%2Fwp%2Fv2%2Fmedia&parent=4303"}],"curies":[{"name":"wp","href":"https:\/\/api.w.org\/{rel}","templated":true}]}}