{"id":4301,"date":"2021-12-07T16:09:31","date_gmt":"2021-12-07T19:09:31","guid":{"rendered":"https:\/\/nordtech.com.br\/?post_type=product&#038;p=4301"},"modified":"2021-12-07T16:09:31","modified_gmt":"2021-12-07T19:09:31","slug":"microfibra-limpa-vidro-gardena-2","status":"publish","type":"product","link":"https:\/\/nordtech.com.br\/?product=microfibra-limpa-vidro-gardena-2","title":{"rendered":"Microfibra Limpa Vidro Gardena"},"content":{"rendered":"","protected":false},"excerpt":{"rendered":"<p>Eficaz na limpeza, pode ser retirada facilmente do limpador de janelas com secador GARDENA (art. n.\u00ba 5564-20) e colocada novamente gra\u00e7as ao suporte de velcro.<br \/>\nCaixa Master: 10 unidades<\/p>\n<p>O material de microfibras de alta qualidade permite obter resultados de limpeza perfeitos. A l\u00e3 sint\u00e9tica pode ser lavada na m\u00e1quina de lavar a 60\u00b0. Lavar as janelas pode ser t\u00e3o f\u00e1cil.<\/p>\n","protected":false},"featured_media":4302,"comment_status":"open","ping_status":"closed","template":"","meta":[],"class_list":{"0":"post-4301","1":"product","2":"type-product","3":"status-publish","4":"has-post-thumbnail","6":"pwb-brand-gardena","7":"product_cat-linha-jardim","8":"product_cat-gardena","9":"product_tag-limpa-vidro","10":"product_tag-microfibra","12":"first","13":"instock","14":"shipping-taxable","15":"product-type-simple"},"brands":[{"id":89,"name":"Gardena","slug":"gardena"}],"_links":{"self":[{"href":"https:\/\/nordtech.com.br\/index.php?rest_route=\/wp\/v2\/product\/4301","targetHints":{"allow":["GET"]}}],"collection":[{"href":"https:\/\/nordtech.com.br\/index.php?rest_route=\/wp\/v2\/product"}],"about":[{"href":"https:\/\/nordtech.com.br\/index.php?rest_route=\/wp\/v2\/types\/product"}],"replies":[{"embeddable":true,"href":"https:\/\/nordtech.com.br\/index.php?rest_route=%2Fwp%2Fv2%2Fcomments&post=4301"}],"wp:featuredmedia":[{"embeddable":true,"href":"https:\/\/nordtech.com.br\/index.php?rest_route=\/wp\/v2\/media\/4302"}],"wp:attachment":[{"href":"https:\/\/nordtech.com.br\/index.php?rest_route=%2Fwp%2Fv2%2Fmedia&parent=4301"}],"curies":[{"name":"wp","href":"https:\/\/api.w.org\/{rel}","templated":true}]}}