{"id":4297,"date":"2021-12-07T16:01:14","date_gmt":"2021-12-07T19:01:14","guid":{"rendered":"https:\/\/nordtech.com.br\/?post_type=product&#038;p=4297"},"modified":"2021-12-07T16:01:14","modified_gmt":"2021-12-07T19:01:14","slug":"porta-mangueira-de-parede-automatico-gardena-2","status":"publish","type":"product","link":"https:\/\/nordtech.com.br\/?product=porta-mangueira-de-parede-automatico-gardena-2","title":{"rendered":"Porta Mangueira de Parede Autom\u00e1tico Gardena"},"content":{"rendered":"","protected":false},"excerpt":{"rendered":"<p>Acompanha mangueira de 35 m<br \/>\nDi\u00e2metro da mangueira: 13 mm<br \/>\nCom prote\u00e7\u00e3o contra temperaturas baixas<br \/>\nCom guia integrada que evita tor\u00e7\u00e3o e emaranhamento<\/p>\n<p>A mangueira pode ser convenientemente retirada com pouco esfor\u00e7o e parada em intervalos curtos de no m\u00e1ximo 50 cm. A mangueira de qualidade garante um alto fluxo de \u00e1gua e opera\u00e7\u00e3o ideal do aspersor. Uma mola de a\u00e7o integrada, perfeitamente adequada ao comprimento da mangueira, proporciona uma retra\u00e7\u00e3o uniforme.<\/p>\n","protected":false},"featured_media":4298,"comment_status":"open","ping_status":"closed","template":"","meta":[],"class_list":{"0":"post-4297","1":"product","2":"type-product","3":"status-publish","4":"has-post-thumbnail","6":"pwb-brand-gardena","7":"product_cat-linha-hidro","8":"product_cat-gardena","9":"product_tag-porta-mangueira","10":"product_tag-porta-mangueira-de-parede","12":"first","13":"instock","14":"shipping-taxable","15":"product-type-simple"},"brands":[{"id":89,"name":"Gardena","slug":"gardena"}],"_links":{"self":[{"href":"https:\/\/nordtech.com.br\/index.php?rest_route=\/wp\/v2\/product\/4297","targetHints":{"allow":["GET"]}}],"collection":[{"href":"https:\/\/nordtech.com.br\/index.php?rest_route=\/wp\/v2\/product"}],"about":[{"href":"https:\/\/nordtech.com.br\/index.php?rest_route=\/wp\/v2\/types\/product"}],"replies":[{"embeddable":true,"href":"https:\/\/nordtech.com.br\/index.php?rest_route=%2Fwp%2Fv2%2Fcomments&post=4297"}],"wp:featuredmedia":[{"embeddable":true,"href":"https:\/\/nordtech.com.br\/index.php?rest_route=\/wp\/v2\/media\/4298"}],"wp:attachment":[{"href":"https:\/\/nordtech.com.br\/index.php?rest_route=%2Fwp%2Fv2%2Fmedia&parent=4297"}],"curies":[{"name":"wp","href":"https:\/\/api.w.org\/{rel}","templated":true}]}}