{"id":4293,"date":"2021-12-07T15:56:22","date_gmt":"2021-12-07T18:56:22","guid":{"rendered":"https:\/\/nordtech.com.br\/?post_type=product&#038;p=4293"},"modified":"2021-12-07T15:56:23","modified_gmt":"2021-12-07T18:56:23","slug":"kit-porta-mangueira-gardena-60hg-2","status":"publish","type":"product","link":"https:\/\/nordtech.com.br\/?product=kit-porta-mangueira-gardena-60hg-2","title":{"rendered":"Kit Porta Mangueira Gardena 60HG"},"content":{"rendered":"","protected":false},"excerpt":{"rendered":"<p>Kit Porta Mangueira, com rodas que proporcionam um transporte c\u00f4modo, armazenamento compacto e n\u00e3o deixa a mangueira dobrar. Com trava para evitar derramamento de \u00e1gua durante o transporte.<\/p>\n<p>Comprimento da mangueira: 20m<br \/>\nDi\u00e2metro da mangueira: 13mm<br \/>\nCapacidade m\u00e1xima:<br \/>\n60m &#8211; 13mm<br \/>\n50m &#8211; 15mm<br \/>\n35m &#8211; 19mm<\/p>\n","protected":false},"featured_media":4294,"comment_status":"open","ping_status":"closed","template":"","meta":[],"class_list":{"0":"post-4293","1":"product","2":"type-product","3":"status-publish","4":"has-post-thumbnail","6":"pwb-brand-gardena","7":"product_cat-linha-hidro","8":"product_cat-gardena","9":"product_tag-kit-porta-mangueira","10":"product_tag-porta-mangueira","12":"first","13":"instock","14":"shipping-taxable","15":"product-type-simple"},"brands":[{"id":89,"name":"Gardena","slug":"gardena"}],"_links":{"self":[{"href":"https:\/\/nordtech.com.br\/index.php?rest_route=\/wp\/v2\/product\/4293","targetHints":{"allow":["GET"]}}],"collection":[{"href":"https:\/\/nordtech.com.br\/index.php?rest_route=\/wp\/v2\/product"}],"about":[{"href":"https:\/\/nordtech.com.br\/index.php?rest_route=\/wp\/v2\/types\/product"}],"replies":[{"embeddable":true,"href":"https:\/\/nordtech.com.br\/index.php?rest_route=%2Fwp%2Fv2%2Fcomments&post=4293"}],"wp:featuredmedia":[{"embeddable":true,"href":"https:\/\/nordtech.com.br\/index.php?rest_route=\/wp\/v2\/media\/4294"}],"wp:attachment":[{"href":"https:\/\/nordtech.com.br\/index.php?rest_route=%2Fwp%2Fv2%2Fmedia&parent=4293"}],"curies":[{"name":"wp","href":"https:\/\/api.w.org\/{rel}","templated":true}]}}