{"id":4289,"date":"2021-12-07T15:38:14","date_gmt":"2021-12-07T18:38:14","guid":{"rendered":"https:\/\/nordtech.com.br\/?post_type=product&#038;p=4289"},"modified":"2021-12-07T15:38:15","modified_gmt":"2021-12-07T18:38:15","slug":"porta-mangueira-gardena-classic-50","status":"publish","type":"product","link":"https:\/\/nordtech.com.br\/?product=porta-mangueira-gardena-classic-50","title":{"rendered":"Porta Mangueira Gardena Classic 50"},"content":{"rendered":"","protected":false},"excerpt":{"rendered":"<p>Ideal para jardins m\u00e9dios e pequenos, armazena e facilita a utiliza\u00e7\u00e3o da sua mangueira Gardena (n\u00e3o inclusa)<\/p>\n<p>Capacidade m\u00e1xima: 50 m 13 mm (1\/2&#8243;&#8221;), 40 m 15 mm (5\/8&#8243;&#8221;), 30 m 19 mm (3\/4&#8243;&#8221;)<br \/>\nEstrutura triangular melhora a estabilidade<br \/>\nProjetada para poupar espa\u00e7o no armazenamento<br \/>\nCom al\u00e7a para facilitar o transporte<\/p>\n","protected":false},"featured_media":4290,"comment_status":"open","ping_status":"closed","template":"","meta":[],"class_list":{"0":"post-4289","1":"product","2":"type-product","3":"status-publish","4":"has-post-thumbnail","6":"pwb-brand-gardena","7":"product_cat-linha-hidro","8":"product_cat-gardena","9":"product_tag-porta-mangueira","10":"product_tag-porta-mangueira-classic","12":"first","13":"instock","14":"shipping-taxable","15":"product-type-simple"},"brands":[{"id":89,"name":"Gardena","slug":"gardena"}],"_links":{"self":[{"href":"https:\/\/nordtech.com.br\/index.php?rest_route=\/wp\/v2\/product\/4289","targetHints":{"allow":["GET"]}}],"collection":[{"href":"https:\/\/nordtech.com.br\/index.php?rest_route=\/wp\/v2\/product"}],"about":[{"href":"https:\/\/nordtech.com.br\/index.php?rest_route=\/wp\/v2\/types\/product"}],"replies":[{"embeddable":true,"href":"https:\/\/nordtech.com.br\/index.php?rest_route=%2Fwp%2Fv2%2Fcomments&post=4289"}],"wp:featuredmedia":[{"embeddable":true,"href":"https:\/\/nordtech.com.br\/index.php?rest_route=\/wp\/v2\/media\/4290"}],"wp:attachment":[{"href":"https:\/\/nordtech.com.br\/index.php?rest_route=%2Fwp%2Fv2%2Fmedia&parent=4289"}],"curies":[{"name":"wp","href":"https:\/\/api.w.org\/{rel}","templated":true}]}}