{"id":4279,"date":"2021-12-07T14:48:27","date_gmt":"2021-12-07T17:48:27","guid":{"rendered":"https:\/\/nordtech.com.br\/?post_type=product&#038;p=4279"},"modified":"2021-12-07T14:48:27","modified_gmt":"2021-12-07T17:48:27","slug":"cortador-de-grama-cilindrico-manual","status":"publish","type":"product","link":"https:\/\/nordtech.com.br\/?product=cortador-de-grama-cilindrico-manual","title":{"rendered":"Cortador de Grama Cil\u00edndrico Manual"},"content":{"rendered":"","protected":false},"excerpt":{"rendered":"<p>Comprimento de corte: 38cm<br \/>\nAltura m\u00ednima de corte: 12mm<br \/>\nAltura m\u00e1xima de corte: 42mm<\/p>\n<p>O Cortador de Grama Cil\u00edndrico Gardena \u00e9 manual, funciona sem eletricidade e \u00e9 muito simples de usar: conforme voc\u00ea empurra, o cilindro de corte e a l\u00e2mina inferior se movem sem contato e a grama \u00e9 cortada atrav\u00e9s de um processo similar ao de uma tesoura.<\/p>\n","protected":false},"featured_media":4280,"comment_status":"open","ping_status":"closed","template":"","meta":[],"class_list":{"0":"post-4279","1":"product","2":"type-product","3":"status-publish","4":"has-post-thumbnail","6":"pwb-brand-gardena","7":"product_cat-linha-jardim","8":"product_cat-gardena","9":"product_tag-cortador-de-grama","10":"product_tag-cortador-de-grama-cilindrico","12":"first","13":"instock","14":"shipping-taxable","15":"product-type-simple"},"brands":[{"id":89,"name":"Gardena","slug":"gardena"}],"_links":{"self":[{"href":"https:\/\/nordtech.com.br\/index.php?rest_route=\/wp\/v2\/product\/4279","targetHints":{"allow":["GET"]}}],"collection":[{"href":"https:\/\/nordtech.com.br\/index.php?rest_route=\/wp\/v2\/product"}],"about":[{"href":"https:\/\/nordtech.com.br\/index.php?rest_route=\/wp\/v2\/types\/product"}],"replies":[{"embeddable":true,"href":"https:\/\/nordtech.com.br\/index.php?rest_route=%2Fwp%2Fv2%2Fcomments&post=4279"}],"wp:featuredmedia":[{"embeddable":true,"href":"https:\/\/nordtech.com.br\/index.php?rest_route=\/wp\/v2\/media\/4280"}],"wp:attachment":[{"href":"https:\/\/nordtech.com.br\/index.php?rest_route=%2Fwp%2Fv2%2Fmedia&parent=4279"}],"curies":[{"name":"wp","href":"https:\/\/api.w.org\/{rel}","templated":true}]}}