{"id":4216,"date":"2021-11-26T11:14:44","date_gmt":"2021-11-26T14:14:44","guid":{"rendered":"https:\/\/nordtech.com.br\/?post_type=product&#038;p=4216"},"modified":"2021-11-26T11:14:45","modified_gmt":"2021-11-26T14:14:45","slug":"aspersor-oscilante-gardena-polo-220-classic","status":"publish","type":"product","link":"https:\/\/nordtech.com.br\/?product=aspersor-oscilante-gardena-polo-220-classic","title":{"rendered":"Aspersor Oscilante Gardena Polo 220 Classic"},"content":{"rendered":"","protected":false},"excerpt":{"rendered":"<p>Ideal para irriga\u00e7\u00e3o, possui agulha ergon\u00f4mica que facilita a limpeza.<\/p>\n<p>\u00c1rea m\u00e1xima de cobertura: 220 m\u00b2<br \/>\nAlcance do spray: 7m &#8211; 17m<br \/>\nDi\u00e2metro do spray: 13 m<\/p>\n<p>&nbsp;<\/p>\n","protected":false},"featured_media":4217,"comment_status":"open","ping_status":"closed","template":"","meta":[],"class_list":{"0":"post-4216","1":"product","2":"type-product","3":"status-publish","4":"has-post-thumbnail","6":"pwb-brand-gardena","7":"product_cat-linha-hidro","8":"product_cat-gardena","9":"product_tag-aspersor","10":"product_tag-aspersor-oscilante","12":"first","13":"instock","14":"shipping-taxable","15":"product-type-simple"},"brands":[{"id":89,"name":"Gardena","slug":"gardena"}],"_links":{"self":[{"href":"https:\/\/nordtech.com.br\/index.php?rest_route=\/wp\/v2\/product\/4216","targetHints":{"allow":["GET"]}}],"collection":[{"href":"https:\/\/nordtech.com.br\/index.php?rest_route=\/wp\/v2\/product"}],"about":[{"href":"https:\/\/nordtech.com.br\/index.php?rest_route=\/wp\/v2\/types\/product"}],"replies":[{"embeddable":true,"href":"https:\/\/nordtech.com.br\/index.php?rest_route=%2Fwp%2Fv2%2Fcomments&post=4216"}],"wp:featuredmedia":[{"embeddable":true,"href":"https:\/\/nordtech.com.br\/index.php?rest_route=\/wp\/v2\/media\/4217"}],"wp:attachment":[{"href":"https:\/\/nordtech.com.br\/index.php?rest_route=%2Fwp%2Fv2%2Fmedia&parent=4216"}],"curies":[{"name":"wp","href":"https:\/\/api.w.org\/{rel}","templated":true}]}}