{"id":4214,"date":"2021-11-26T11:11:52","date_gmt":"2021-11-26T14:11:52","guid":{"rendered":"https:\/\/nordtech.com.br\/?post_type=product&#038;p=4214"},"modified":"2021-11-26T11:11:53","modified_gmt":"2021-11-26T14:11:53","slug":"aspersor-estatico-circular-comfort-samba-gardena","status":"publish","type":"product","link":"https:\/\/nordtech.com.br\/?product=aspersor-estatico-circular-comfort-samba-gardena","title":{"rendered":"Aspersor Est\u00e1tico Circular Comfort Samba Gardena"},"content":{"rendered":"","protected":false},"excerpt":{"rendered":"<p>Aspersor Est\u00e1tico Circular Confort Samba, com alcance do spray de 3 a 18 metros. Indicado para \u00e1reas pequenas e m\u00e9dias, possui base s\u00f3lida que garante opera\u00e7\u00e3o est\u00e1vel e m\u00f3vel. Possui um filtro de sujeira remov\u00edvel bastante pr\u00e1tico.<\/p>\n","protected":false},"featured_media":4215,"comment_status":"open","ping_status":"closed","template":"","meta":[],"class_list":{"0":"post-4214","1":"product","2":"type-product","3":"status-publish","4":"has-post-thumbnail","6":"pwb-brand-gardena","7":"product_cat-linha-hidro","8":"product_cat-gardena","9":"product_tag-aspersor","10":"product_tag-aspersor-estatico","12":"first","13":"instock","14":"shipping-taxable","15":"product-type-simple"},"brands":[{"id":89,"name":"Gardena","slug":"gardena"}],"_links":{"self":[{"href":"https:\/\/nordtech.com.br\/index.php?rest_route=\/wp\/v2\/product\/4214","targetHints":{"allow":["GET"]}}],"collection":[{"href":"https:\/\/nordtech.com.br\/index.php?rest_route=\/wp\/v2\/product"}],"about":[{"href":"https:\/\/nordtech.com.br\/index.php?rest_route=\/wp\/v2\/types\/product"}],"replies":[{"embeddable":true,"href":"https:\/\/nordtech.com.br\/index.php?rest_route=%2Fwp%2Fv2%2Fcomments&post=4214"}],"wp:featuredmedia":[{"embeddable":true,"href":"https:\/\/nordtech.com.br\/index.php?rest_route=\/wp\/v2\/media\/4215"}],"wp:attachment":[{"href":"https:\/\/nordtech.com.br\/index.php?rest_route=%2Fwp%2Fv2%2Fmedia&parent=4214"}],"curies":[{"name":"wp","href":"https:\/\/api.w.org\/{rel}","templated":true}]}}