{"id":4211,"date":"2021-11-26T11:07:54","date_gmt":"2021-11-26T14:07:54","guid":{"rendered":"https:\/\/nordtech.com.br\/?post_type=product&#038;p=4211"},"modified":"2021-11-26T11:07:54","modified_gmt":"2021-11-26T14:07:54","slug":"mangueira-plana-para-irrigacao-gardena-15m-marrom-c-conectores","status":"publish","type":"product","link":"https:\/\/nordtech.com.br\/?product=mangueira-plana-para-irrigacao-gardena-15m-marrom-c-conectores","title":{"rendered":"Mangueira Plana para Irriga\u00e7\u00e3o Gardena 15m Marrom C\/ Conectores"},"content":{"rendered":"","protected":false},"excerpt":{"rendered":"<p>Ideal para plantas fr\u00e1geis, a mangueira de aspers\u00e3o oferece \u00f3timo spray fino tamb\u00e9m para bordas de canteiros e \u00e1reas estreitas. Ela inclui os acess\u00f3rios necess\u00e1rios, portanto, tudo o que voc\u00ea precisa fazer \u00e9 conect\u00e1-la a uma fonte de \u00e1gua. A mangueira de aspers\u00e3o pode ser estendida at\u00e9 no m\u00e1ximo 22,5 m.<\/p>\n","protected":false},"featured_media":4213,"comment_status":"open","ping_status":"closed","template":"","meta":[],"class_list":{"0":"post-4211","1":"product","2":"type-product","3":"status-publish","4":"has-post-thumbnail","6":"pwb-brand-gardena","7":"product_cat-linha-hidro","8":"product_cat-gardena","9":"product_tag-mangueira","10":"product_tag-mangueira-aspersora","12":"first","13":"instock","14":"shipping-taxable","15":"product-type-simple"},"brands":[{"id":89,"name":"Gardena","slug":"gardena"}],"_links":{"self":[{"href":"https:\/\/nordtech.com.br\/index.php?rest_route=\/wp\/v2\/product\/4211","targetHints":{"allow":["GET"]}}],"collection":[{"href":"https:\/\/nordtech.com.br\/index.php?rest_route=\/wp\/v2\/product"}],"about":[{"href":"https:\/\/nordtech.com.br\/index.php?rest_route=\/wp\/v2\/types\/product"}],"replies":[{"embeddable":true,"href":"https:\/\/nordtech.com.br\/index.php?rest_route=%2Fwp%2Fv2%2Fcomments&post=4211"}],"wp:featuredmedia":[{"embeddable":true,"href":"https:\/\/nordtech.com.br\/index.php?rest_route=\/wp\/v2\/media\/4213"}],"wp:attachment":[{"href":"https:\/\/nordtech.com.br\/index.php?rest_route=%2Fwp%2Fv2%2Fmedia&parent=4211"}],"curies":[{"name":"wp","href":"https:\/\/api.w.org\/{rel}","templated":true}]}}