{"id":4204,"date":"2021-11-26T10:20:52","date_gmt":"2021-11-26T13:20:52","guid":{"rendered":"https:\/\/nordtech.com.br\/?post_type=product&#038;p=4204"},"modified":"2021-11-26T10:20:52","modified_gmt":"2021-11-26T13:20:52","slug":"aspersor-difusor-gardena-2","status":"publish","type":"product","link":"https:\/\/nordtech.com.br\/?product=aspersor-difusor-gardena-2","title":{"rendered":"Aspersor Difusor Gardena"},"content":{"rendered":"","protected":false},"excerpt":{"rendered":"<p>Aspersor Difusor, com di\u00e2metro m\u00e1ximo de 11 metros. Indicado para regar \u00e1reas pequenas, como flores, vegetais e jardins.<\/p>\n","protected":false},"featured_media":4205,"comment_status":"open","ping_status":"closed","template":"","meta":[],"class_list":{"0":"post-4204","1":"product","2":"type-product","3":"status-publish","4":"has-post-thumbnail","6":"pwb-brand-gardena","7":"product_cat-linha-hidro","8":"product_cat-gardena","9":"product_tag-aspersor","10":"product_tag-aspersor-difusor","12":"first","13":"instock","14":"shipping-taxable","15":"product-type-simple"},"brands":[{"id":89,"name":"Gardena","slug":"gardena"}],"_links":{"self":[{"href":"https:\/\/nordtech.com.br\/index.php?rest_route=\/wp\/v2\/product\/4204","targetHints":{"allow":["GET"]}}],"collection":[{"href":"https:\/\/nordtech.com.br\/index.php?rest_route=\/wp\/v2\/product"}],"about":[{"href":"https:\/\/nordtech.com.br\/index.php?rest_route=\/wp\/v2\/types\/product"}],"replies":[{"embeddable":true,"href":"https:\/\/nordtech.com.br\/index.php?rest_route=%2Fwp%2Fv2%2Fcomments&post=4204"}],"wp:featuredmedia":[{"embeddable":true,"href":"https:\/\/nordtech.com.br\/index.php?rest_route=\/wp\/v2\/media\/4205"}],"wp:attachment":[{"href":"https:\/\/nordtech.com.br\/index.php?rest_route=%2Fwp%2Fv2%2Fmedia&parent=4204"}],"curies":[{"name":"wp","href":"https:\/\/api.w.org\/{rel}","templated":true}]}}