{"id":4200,"date":"2021-11-26T10:12:28","date_gmt":"2021-11-26T13:12:28","guid":{"rendered":"https:\/\/nordtech.com.br\/?post_type=product&#038;p=4200"},"modified":"2021-11-26T10:12:29","modified_gmt":"2021-11-26T13:12:29","slug":"aspersor-circular-gardena-vario-comfort","status":"publish","type":"product","link":"https:\/\/nordtech.com.br\/?product=aspersor-circular-gardena-vario-comfort","title":{"rendered":"Aspersor Circular Gardena Vario Comfort"},"content":{"rendered":"","protected":false},"excerpt":{"rendered":"<p>Ideal para uma rega uniforme do jardim. Tem 7 posi\u00e7\u00f5es em \u00e2ngulos de 45\u00b0, do 90\u00b0 at\u00e9 o 360\u00b0. O aspersor pode ser ajustado individualmente.<\/p>\n<p>\u00c1rea coberta Max: 225 m\u00b2<br \/>\nAlcance da pulveriza\u00e7\u00e3o \u00d8 Min: max. 17 m<\/p>\n","protected":false},"featured_media":4201,"comment_status":"open","ping_status":"closed","template":"","meta":[],"class_list":{"0":"post-4200","1":"product","2":"type-product","3":"status-publish","4":"has-post-thumbnail","6":"pwb-brand-gardena","7":"product_cat-linha-hidro","8":"product_cat-gardena","9":"product_tag-aspersor","10":"product_tag-aspersos-circular","12":"first","13":"instock","14":"shipping-taxable","15":"product-type-simple"},"brands":[{"id":89,"name":"Gardena","slug":"gardena"}],"_links":{"self":[{"href":"https:\/\/nordtech.com.br\/index.php?rest_route=\/wp\/v2\/product\/4200","targetHints":{"allow":["GET"]}}],"collection":[{"href":"https:\/\/nordtech.com.br\/index.php?rest_route=\/wp\/v2\/product"}],"about":[{"href":"https:\/\/nordtech.com.br\/index.php?rest_route=\/wp\/v2\/types\/product"}],"replies":[{"embeddable":true,"href":"https:\/\/nordtech.com.br\/index.php?rest_route=%2Fwp%2Fv2%2Fcomments&post=4200"}],"wp:featuredmedia":[{"embeddable":true,"href":"https:\/\/nordtech.com.br\/index.php?rest_route=\/wp\/v2\/media\/4201"}],"wp:attachment":[{"href":"https:\/\/nordtech.com.br\/index.php?rest_route=%2Fwp%2Fv2%2Fmedia&parent=4200"}],"curies":[{"name":"wp","href":"https:\/\/api.w.org\/{rel}","templated":true}]}}