{"id":4196,"date":"2021-11-26T09:49:01","date_gmt":"2021-11-26T12:49:01","guid":{"rendered":"https:\/\/nordtech.com.br\/?post_type=product&#038;p=4196"},"modified":"2021-11-26T09:49:01","modified_gmt":"2021-11-26T12:49:01","slug":"programador-de-rega-gardena-flex-control","status":"publish","type":"product","link":"https:\/\/nordtech.com.br\/?product=programador-de-rega-gardena-flex-control","title":{"rendered":"Programador de Rega Gardena Flex Control"},"content":{"rendered":"","protected":false},"excerpt":{"rendered":"<p>Ferramenta de programa\u00e7\u00e3o de irriga\u00e7\u00e3o, permite operar mangueiras e sistemas de irriga\u00e7\u00e3o, como o Gardena Micro-Drip e o Sprinklersystem<\/p>\n<p>Irriga\u00e7\u00e3o autom\u00e1tica<br \/>\nOpera\u00e7\u00e3o que poupa \u00e1gua<br \/>\nCaixa Master: 2 unidades<\/p>\n","protected":false},"featured_media":4197,"comment_status":"open","ping_status":"closed","template":"","meta":[],"class_list":{"0":"post-4196","1":"product","2":"type-product","3":"status-publish","4":"has-post-thumbnail","6":"pwb-brand-gardena","7":"product_cat-linha-hidro","8":"product_cat-gardena","9":"product_tag-programador","10":"product_tag-rega","11":"product_tag-rega-automatica","13":"first","14":"instock","15":"shipping-taxable","16":"product-type-simple"},"brands":[{"id":89,"name":"Gardena","slug":"gardena"}],"_links":{"self":[{"href":"https:\/\/nordtech.com.br\/index.php?rest_route=\/wp\/v2\/product\/4196","targetHints":{"allow":["GET"]}}],"collection":[{"href":"https:\/\/nordtech.com.br\/index.php?rest_route=\/wp\/v2\/product"}],"about":[{"href":"https:\/\/nordtech.com.br\/index.php?rest_route=\/wp\/v2\/types\/product"}],"replies":[{"embeddable":true,"href":"https:\/\/nordtech.com.br\/index.php?rest_route=%2Fwp%2Fv2%2Fcomments&post=4196"}],"wp:featuredmedia":[{"embeddable":true,"href":"https:\/\/nordtech.com.br\/index.php?rest_route=\/wp\/v2\/media\/4197"}],"wp:attachment":[{"href":"https:\/\/nordtech.com.br\/index.php?rest_route=%2Fwp%2Fv2%2Fmedia&parent=4196"}],"curies":[{"name":"wp","href":"https:\/\/api.w.org\/{rel}","templated":true}]}}