{"id":4191,"date":"2021-11-26T09:43:01","date_gmt":"2021-11-26T12:43:01","guid":{"rendered":"https:\/\/nordtech.com.br\/?post_type=product&#038;p=4191"},"modified":"2021-11-26T09:43:02","modified_gmt":"2021-11-26T12:43:02","slug":"temporizador-gardena-para-irrigacao","status":"publish","type":"product","link":"https:\/\/nordtech.com.br\/?product=temporizador-gardena-para-irrigacao","title":{"rendered":"Temporizador Gardena para Irriga\u00e7\u00e3o"},"content":{"rendered":"","protected":false},"excerpt":{"rendered":"<p>Esse temporizador \u00e9 conectado na torneira e controla automaticamente a irriga\u00e7\u00e3o do seu jardim<\/p>\n<p>Engate R\u00e1pido<br \/>\nPrograma\u00e7\u00e3o de irriga\u00e7\u00f5es de de at\u00e9 120 minutos<br \/>\nN\u00e3o precisa de bateria ou pilhas.<\/p>\n<p>&nbsp;<\/p>\n","protected":false},"featured_media":4193,"comment_status":"open","ping_status":"closed","template":"","meta":[],"class_list":{"0":"post-4191","1":"product","2":"type-product","3":"status-publish","4":"has-post-thumbnail","6":"pwb-brand-gardena","7":"product_cat-linha-hidro","8":"product_cat-gardena","10":"first","11":"instock","12":"shipping-taxable","13":"product-type-simple"},"brands":[{"id":89,"name":"Gardena","slug":"gardena"}],"_links":{"self":[{"href":"https:\/\/nordtech.com.br\/index.php?rest_route=\/wp\/v2\/product\/4191","targetHints":{"allow":["GET"]}}],"collection":[{"href":"https:\/\/nordtech.com.br\/index.php?rest_route=\/wp\/v2\/product"}],"about":[{"href":"https:\/\/nordtech.com.br\/index.php?rest_route=\/wp\/v2\/types\/product"}],"replies":[{"embeddable":true,"href":"https:\/\/nordtech.com.br\/index.php?rest_route=%2Fwp%2Fv2%2Fcomments&post=4191"}],"wp:featuredmedia":[{"embeddable":true,"href":"https:\/\/nordtech.com.br\/index.php?rest_route=\/wp\/v2\/media\/4193"}],"wp:attachment":[{"href":"https:\/\/nordtech.com.br\/index.php?rest_route=%2Fwp%2Fv2%2Fmedia&parent=4191"}],"curies":[{"name":"wp","href":"https:\/\/api.w.org\/{rel}","templated":true}]}}