{"id":4189,"date":"2021-11-26T08:43:48","date_gmt":"2021-11-26T11:43:48","guid":{"rendered":"https:\/\/nordtech.com.br\/?post_type=product&#038;p=4189"},"modified":"2021-11-26T08:43:48","modified_gmt":"2021-11-26T11:43:48","slug":"o-ring-gardena-2","status":"publish","type":"product","link":"https:\/\/nordtech.com.br\/?product=o-ring-gardena-2","title":{"rendered":"O-ring Gardena"},"content":{"rendered":"","protected":false},"excerpt":{"rendered":"<p>Conjunto composto por 3 an\u00e9is de veda\u00e7\u00e3o para acoplamentos e 1 anel de borracha para pe\u00e7a de torneira Gardena 901 \/ 2901.<\/p>\n<p>Em borracha<br \/>\nEm S-pack<\/p>\n","protected":false},"featured_media":4190,"comment_status":"open","ping_status":"closed","template":"","meta":[],"class_list":{"0":"post-4189","1":"product","2":"type-product","3":"status-publish","4":"has-post-thumbnail","6":"pwb-brand-gardena","7":"product_cat-linha-jardim","8":"product_cat-gardena","9":"product_tag-o-ring","11":"first","12":"instock","13":"shipping-taxable","14":"product-type-simple"},"brands":[{"id":89,"name":"Gardena","slug":"gardena"}],"_links":{"self":[{"href":"https:\/\/nordtech.com.br\/index.php?rest_route=\/wp\/v2\/product\/4189","targetHints":{"allow":["GET"]}}],"collection":[{"href":"https:\/\/nordtech.com.br\/index.php?rest_route=\/wp\/v2\/product"}],"about":[{"href":"https:\/\/nordtech.com.br\/index.php?rest_route=\/wp\/v2\/types\/product"}],"replies":[{"embeddable":true,"href":"https:\/\/nordtech.com.br\/index.php?rest_route=%2Fwp%2Fv2%2Fcomments&post=4189"}],"wp:featuredmedia":[{"embeddable":true,"href":"https:\/\/nordtech.com.br\/index.php?rest_route=\/wp\/v2\/media\/4190"}],"wp:attachment":[{"href":"https:\/\/nordtech.com.br\/index.php?rest_route=%2Fwp%2Fv2%2Fmedia&parent=4189"}],"curies":[{"name":"wp","href":"https:\/\/api.w.org\/{rel}","templated":true}]}}