{"id":4176,"date":"2021-11-25T15:06:00","date_gmt":"2021-11-25T18:06:00","guid":{"rendered":"https:\/\/nordtech.com.br\/?post_type=product&#038;p=4176"},"modified":"2021-11-25T15:06:00","modified_gmt":"2021-11-25T18:06:00","slug":"chuveiro-de-praia-base-estaca-2","status":"publish","type":"product","link":"https:\/\/nordtech.com.br\/?product=chuveiro-de-praia-base-estaca-2","title":{"rendered":"Chuveiro de Praia Base Estaca"},"content":{"rendered":"","protected":false},"excerpt":{"rendered":"<p>Chuveiro de Praia Base Estaca, com v\u00e1lvula para regular o fluxo de \u00e1gua. F\u00e1cil de instalar, sua estaca garante uma fixa\u00e7\u00e3o firme na grama ou na \u00e1rea.<\/p>\n","protected":false},"featured_media":4177,"comment_status":"open","ping_status":"closed","template":"","meta":[],"class_list":{"0":"post-4176","1":"product","2":"type-product","3":"status-publish","4":"has-post-thumbnail","6":"pwb-brand-gardena","7":"product_cat-linha-hidro","8":"product_cat-gardena","9":"product_tag-chuveiro","10":"product_tag-chuveiro-de-praia","12":"first","13":"instock","14":"shipping-taxable","15":"product-type-simple"},"brands":[{"id":89,"name":"Gardena","slug":"gardena"}],"_links":{"self":[{"href":"https:\/\/nordtech.com.br\/index.php?rest_route=\/wp\/v2\/product\/4176","targetHints":{"allow":["GET"]}}],"collection":[{"href":"https:\/\/nordtech.com.br\/index.php?rest_route=\/wp\/v2\/product"}],"about":[{"href":"https:\/\/nordtech.com.br\/index.php?rest_route=\/wp\/v2\/types\/product"}],"replies":[{"embeddable":true,"href":"https:\/\/nordtech.com.br\/index.php?rest_route=%2Fwp%2Fv2%2Fcomments&post=4176"}],"wp:featuredmedia":[{"embeddable":true,"href":"https:\/\/nordtech.com.br\/index.php?rest_route=\/wp\/v2\/media\/4177"}],"wp:attachment":[{"href":"https:\/\/nordtech.com.br\/index.php?rest_route=%2Fwp%2Fv2%2Fmedia&parent=4176"}],"curies":[{"name":"wp","href":"https:\/\/api.w.org\/{rel}","templated":true}]}}