{"id":4174,"date":"2021-11-25T14:59:42","date_gmt":"2021-11-25T17:59:42","guid":{"rendered":"https:\/\/nordtech.com.br\/?post_type=product&#038;p=4174"},"modified":"2021-11-25T14:59:42","modified_gmt":"2021-11-25T17:59:42","slug":"pistola-gardena-ducha-classic","status":"publish","type":"product","link":"https:\/\/nordtech.com.br\/?product=pistola-gardena-ducha-classic","title":{"rendered":"Pistola Gardena Ducha Classic"},"content":{"rendered":"","protected":false},"excerpt":{"rendered":"<p>Indicado para \u00e1reas maiores, como canteiros de flores ou vegetais. Permite o controle conveniente do jato de spray<\/p>\n<p>Com diversas posi\u00e7\u00f5es de ajuste de vaz\u00e3o<br \/>\nCom trava para fluxo cont\u00ednuo de \u00e1gua<br \/>\nLan\u00e7a de pulveriza\u00e7\u00e3o com 80 cm<\/p>\n","protected":false},"featured_media":4175,"comment_status":"open","ping_status":"closed","template":"","meta":[],"class_list":{"0":"post-4174","1":"product","2":"type-product","3":"status-publish","4":"has-post-thumbnail","6":"pwb-brand-gardena","7":"product_cat-linha-hidro","8":"product_cat-gardena","9":"product_tag-pistola","10":"product_tag-pistola-ducha","12":"first","13":"instock","14":"shipping-taxable","15":"product-type-simple"},"brands":[{"id":89,"name":"Gardena","slug":"gardena"}],"_links":{"self":[{"href":"https:\/\/nordtech.com.br\/index.php?rest_route=\/wp\/v2\/product\/4174","targetHints":{"allow":["GET"]}}],"collection":[{"href":"https:\/\/nordtech.com.br\/index.php?rest_route=\/wp\/v2\/product"}],"about":[{"href":"https:\/\/nordtech.com.br\/index.php?rest_route=\/wp\/v2\/types\/product"}],"replies":[{"embeddable":true,"href":"https:\/\/nordtech.com.br\/index.php?rest_route=%2Fwp%2Fv2%2Fcomments&post=4174"}],"wp:featuredmedia":[{"embeddable":true,"href":"https:\/\/nordtech.com.br\/index.php?rest_route=\/wp\/v2\/media\/4175"}],"wp:attachment":[{"href":"https:\/\/nordtech.com.br\/index.php?rest_route=%2Fwp%2Fv2%2Fmedia&parent=4174"}],"curies":[{"name":"wp","href":"https:\/\/api.w.org\/{rel}","templated":true}]}}