{"id":4170,"date":"2021-11-25T14:54:08","date_gmt":"2021-11-25T17:54:08","guid":{"rendered":"https:\/\/nordtech.com.br\/?post_type=product&#038;p=4170"},"modified":"2021-11-25T14:54:08","modified_gmt":"2021-11-25T17:54:08","slug":"pulverizador-de-pressao-gardena-5l","status":"publish","type":"product","link":"https:\/\/nordtech.com.br\/?product=pulverizador-de-pressao-gardena-5l","title":{"rendered":"Pulverizador de Press\u00e3o Gardena 5L"},"content":{"rendered":"","protected":false},"excerpt":{"rendered":"<p>Indicado para a rega de plantas em jardins, \u00e9 projetado com uma v\u00e1lvula de seguran\u00e7a que reduz rapidamente a press\u00e3o quando necess\u00e1rio, melhorando sua seguran\u00e7a.<\/p>\n<p>Temperatura m\u00e1xima de funcionamento: 40c<br \/>\nCom indicador de n\u00edvel da \u00e1gua<br \/>\nCom v\u00e1lvula de seguran\u00e7a<br \/>\nAgulheta de pulveriza\u00e7\u00e3o em pl\u00e1stico<br \/>\nCapacidade: 5 litros<\/p>\n","protected":false},"featured_media":4171,"comment_status":"open","ping_status":"closed","template":"","meta":[],"class_list":{"0":"post-4170","1":"product","2":"type-product","3":"status-publish","4":"has-post-thumbnail","6":"pwb-brand-gardena","7":"product_cat-linha-hidro","8":"product_cat-gardena","9":"product_tag-pulverizador","10":"product_tag-pulverizador-de-pressao","12":"first","13":"instock","14":"shipping-taxable","15":"product-type-simple"},"brands":[{"id":89,"name":"Gardena","slug":"gardena"}],"_links":{"self":[{"href":"https:\/\/nordtech.com.br\/index.php?rest_route=\/wp\/v2\/product\/4170","targetHints":{"allow":["GET"]}}],"collection":[{"href":"https:\/\/nordtech.com.br\/index.php?rest_route=\/wp\/v2\/product"}],"about":[{"href":"https:\/\/nordtech.com.br\/index.php?rest_route=\/wp\/v2\/types\/product"}],"replies":[{"embeddable":true,"href":"https:\/\/nordtech.com.br\/index.php?rest_route=%2Fwp%2Fv2%2Fcomments&post=4170"}],"wp:featuredmedia":[{"embeddable":true,"href":"https:\/\/nordtech.com.br\/index.php?rest_route=\/wp\/v2\/media\/4171"}],"wp:attachment":[{"href":"https:\/\/nordtech.com.br\/index.php?rest_route=%2Fwp%2Fv2%2Fmedia&parent=4170"}],"curies":[{"name":"wp","href":"https:\/\/api.w.org\/{rel}","templated":true}]}}