{"id":4159,"date":"2021-11-25T11:30:51","date_gmt":"2021-11-25T14:30:51","guid":{"rendered":"https:\/\/nordtech.com.br\/?post_type=product&#038;p=4159"},"modified":"2021-11-25T11:30:51","modified_gmt":"2021-11-25T14:30:51","slug":"serra-de-jardineiro-gardena-340","status":"publish","type":"product","link":"https:\/\/nordtech.com.br\/?product=serra-de-jardineiro-gardena-340","title":{"rendered":"Serra de Jardineiro Gardena 340"},"content":{"rendered":"","protected":false},"excerpt":{"rendered":"<p>A pr\u00e1tica serra dobr\u00e1vel para jardim GARDENA 340 \u00e9 uma ferramenta vers\u00e1til para todos os pequenos trabalhos de corte em seu jardim.<\/p>\n","protected":false},"featured_media":4160,"comment_status":"open","ping_status":"closed","template":"","meta":[],"class_list":{"0":"post-4159","1":"product","2":"type-product","3":"status-publish","4":"has-post-thumbnail","6":"pwb-brand-gardena","7":"product_cat-linha-jardim","8":"product_cat-gardena","9":"product_tag-serra","10":"product_tag-serra-de-jardineiro","12":"first","13":"instock","14":"shipping-taxable","15":"product-type-simple"},"brands":[{"id":89,"name":"Gardena","slug":"gardena"}],"_links":{"self":[{"href":"https:\/\/nordtech.com.br\/index.php?rest_route=\/wp\/v2\/product\/4159","targetHints":{"allow":["GET"]}}],"collection":[{"href":"https:\/\/nordtech.com.br\/index.php?rest_route=\/wp\/v2\/product"}],"about":[{"href":"https:\/\/nordtech.com.br\/index.php?rest_route=\/wp\/v2\/types\/product"}],"replies":[{"embeddable":true,"href":"https:\/\/nordtech.com.br\/index.php?rest_route=%2Fwp%2Fv2%2Fcomments&post=4159"}],"wp:featuredmedia":[{"embeddable":true,"href":"https:\/\/nordtech.com.br\/index.php?rest_route=\/wp\/v2\/media\/4160"}],"wp:attachment":[{"href":"https:\/\/nordtech.com.br\/index.php?rest_route=%2Fwp%2Fv2%2Fmedia&parent=4159"}],"curies":[{"name":"wp","href":"https:\/\/api.w.org\/{rel}","templated":true}]}}