{"id":4157,"date":"2021-11-25T10:22:03","date_gmt":"2021-11-25T13:22:03","guid":{"rendered":"https:\/\/nordtech.com.br\/?post_type=product&#038;p=4157"},"modified":"2021-11-25T10:22:03","modified_gmt":"2021-11-25T13:22:03","slug":"cercadura-para-gramado-gardena","status":"publish","type":"product","link":"https:\/\/nordtech.com.br\/?product=cercadura-para-gramado-gardena","title":{"rendered":"Cercadura Para Gramado Gardena"},"content":{"rendered":"","protected":false},"excerpt":{"rendered":"<p>&#8220;Sem crescimento excessivo<br \/>\nDevido aos separadores de gramado, tudo fica onde deveria estar e evita o crescimento excessivo.<\/p>\n<p>Opticamente discreto<br \/>\nOs separadores de gramado se misturam com as superf\u00edcies naturais circundantes.<\/p>\n<p>Bordas limpas<br \/>\nCom esses separadores de gramado, voc\u00ea pode criar bordas limpas de maneira r\u00e1pida e f\u00e1cil para obter uma apar\u00eancia agrad\u00e1vel e limpa.&#8221;<\/p>\n<p>20x9cm<br \/>\nCaixa Master: 6 unidades<\/p>\n","protected":false},"featured_media":4158,"comment_status":"open","ping_status":"closed","template":"","meta":[],"class_list":{"0":"post-4157","1":"product","2":"type-product","3":"status-publish","4":"has-post-thumbnail","6":"pwb-brand-gardena","7":"product_cat-linha-jardim","8":"product_cat-gardena","9":"product_tag-cercadura","10":"product_tag-cercadura-para-gramado","12":"first","13":"instock","14":"shipping-taxable","15":"product-type-simple"},"brands":[{"id":89,"name":"Gardena","slug":"gardena"}],"_links":{"self":[{"href":"https:\/\/nordtech.com.br\/index.php?rest_route=\/wp\/v2\/product\/4157","targetHints":{"allow":["GET"]}}],"collection":[{"href":"https:\/\/nordtech.com.br\/index.php?rest_route=\/wp\/v2\/product"}],"about":[{"href":"https:\/\/nordtech.com.br\/index.php?rest_route=\/wp\/v2\/types\/product"}],"replies":[{"embeddable":true,"href":"https:\/\/nordtech.com.br\/index.php?rest_route=%2Fwp%2Fv2%2Fcomments&post=4157"}],"wp:featuredmedia":[{"embeddable":true,"href":"https:\/\/nordtech.com.br\/index.php?rest_route=\/wp\/v2\/media\/4158"}],"wp:attachment":[{"href":"https:\/\/nordtech.com.br\/index.php?rest_route=%2Fwp%2Fv2%2Fmedia&parent=4157"}],"curies":[{"name":"wp","href":"https:\/\/api.w.org\/{rel}","templated":true}]}}