{"id":4148,"date":"2021-11-25T09:48:15","date_gmt":"2021-11-25T12:48:15","guid":{"rendered":"https:\/\/nordtech.com.br\/?post_type=product&#038;p=4148"},"modified":"2021-11-25T09:48:15","modified_gmt":"2021-11-25T12:48:15","slug":"tesoura-cortadora-de-cerca-viva-gardena-classic-540","status":"publish","type":"product","link":"https:\/\/nordtech.com.br\/?product=tesoura-cortadora-de-cerca-viva-gardena-classic-540","title":{"rendered":"Tesoura Cortadora de Cerca-viva Gardena Classic 540"},"content":{"rendered":"","protected":false},"excerpt":{"rendered":"<p>Ideal para cortar e aparar cercas-vivas, o cabo ergon\u00f4mico faz com que o cortador se adapte a m\u00e3o de uma forma agrad\u00e1vel, facilitando o trabalho. Possui um cortador de ramos integrado, possibilitando cortar individualmente os ramos mais grossos de forma eficiente. A madeira do cabo \u00e9 certificada pelo FSC e de produ\u00e7\u00e3o sustent\u00e1vel.<\/p>\n<p>Comprimento da l\u00e2mina: 23 cm<br \/>\nComprimento total: 54 cm<br \/>\nL\u00e2mina com cobertura antiaderente<br \/>\nL\u00e2mina com formato ondulado<br \/>\nCabo ergon\u00f4mico em madeira<\/p>\n","protected":false},"featured_media":4149,"comment_status":"open","ping_status":"closed","template":"","meta":[],"class_list":{"0":"post-4148","1":"product","2":"type-product","3":"status-publish","4":"has-post-thumbnail","6":"pwb-brand-gardena","7":"product_cat-linha-jardim","8":"product_tag-podador","9":"product_tag-tesoura","10":"product_tag-tesoura-cerca-viva","12":"first","13":"instock","14":"shipping-taxable","15":"product-type-simple"},"brands":[{"id":89,"name":"Gardena","slug":"gardena"}],"_links":{"self":[{"href":"https:\/\/nordtech.com.br\/index.php?rest_route=\/wp\/v2\/product\/4148","targetHints":{"allow":["GET"]}}],"collection":[{"href":"https:\/\/nordtech.com.br\/index.php?rest_route=\/wp\/v2\/product"}],"about":[{"href":"https:\/\/nordtech.com.br\/index.php?rest_route=\/wp\/v2\/types\/product"}],"replies":[{"embeddable":true,"href":"https:\/\/nordtech.com.br\/index.php?rest_route=%2Fwp%2Fv2%2Fcomments&post=4148"}],"wp:featuredmedia":[{"embeddable":true,"href":"https:\/\/nordtech.com.br\/index.php?rest_route=\/wp\/v2\/media\/4149"}],"wp:attachment":[{"href":"https:\/\/nordtech.com.br\/index.php?rest_route=%2Fwp%2Fv2%2Fmedia&parent=4148"}],"curies":[{"name":"wp","href":"https:\/\/api.w.org\/{rel}","templated":true}]}}