{"id":4146,"date":"2021-11-25T08:55:08","date_gmt":"2021-11-25T11:55:08","guid":{"rendered":"https:\/\/nordtech.com.br\/?post_type=product&#038;p=4146"},"modified":"2021-11-25T08:55:09","modified_gmt":"2021-11-25T11:55:09","slug":"tesoura-de-poda-e-corte-gardena-para-flores","status":"publish","type":"product","link":"https:\/\/nordtech.com.br\/?product=tesoura-de-poda-e-corte-gardena-para-flores","title":{"rendered":"Tesoura de Poda e Corte Gardena para Flores"},"content":{"rendered":"","protected":false},"excerpt":{"rendered":"<p>Tesoura 4 em 1: corta, segura, tira espinhos e apara caules. Torna o manuseio de rosas f\u00e1cil e pr\u00e1tico<\/p>\n<p>L\u00e2mina de a\u00e7o inoxid\u00e1vel<br \/>\nAntiferrugem<\/p>\n","protected":false},"featured_media":4147,"comment_status":"open","ping_status":"closed","template":"","meta":[],"class_list":{"0":"post-4146","1":"product","2":"type-product","3":"status-publish","4":"has-post-thumbnail","6":"pwb-brand-gardena","7":"product_cat-linha-jardim","8":"product_tag-tesoura","9":"product_tag-tesoura-de-poda","11":"first","12":"instock","13":"shipping-taxable","14":"product-type-simple"},"brands":[{"id":89,"name":"Gardena","slug":"gardena"}],"_links":{"self":[{"href":"https:\/\/nordtech.com.br\/index.php?rest_route=\/wp\/v2\/product\/4146","targetHints":{"allow":["GET"]}}],"collection":[{"href":"https:\/\/nordtech.com.br\/index.php?rest_route=\/wp\/v2\/product"}],"about":[{"href":"https:\/\/nordtech.com.br\/index.php?rest_route=\/wp\/v2\/types\/product"}],"replies":[{"embeddable":true,"href":"https:\/\/nordtech.com.br\/index.php?rest_route=%2Fwp%2Fv2%2Fcomments&post=4146"}],"wp:featuredmedia":[{"embeddable":true,"href":"https:\/\/nordtech.com.br\/index.php?rest_route=\/wp\/v2\/media\/4147"}],"wp:attachment":[{"href":"https:\/\/nordtech.com.br\/index.php?rest_route=%2Fwp%2Fv2%2Fmedia&parent=4146"}],"curies":[{"name":"wp","href":"https:\/\/api.w.org\/{rel}","templated":true}]}}