{"id":4135,"date":"2021-11-24T14:40:33","date_gmt":"2021-11-24T17:40:33","guid":{"rendered":"https:\/\/nordtech.com.br\/?post_type=product&#038;p=4135"},"modified":"2021-11-24T15:01:39","modified_gmt":"2021-11-24T18:01:39","slug":"luva-de-jardinagem-gardena-em-nylon-elastico","status":"publish","type":"product","link":"https:\/\/nordtech.com.br\/?product=luva-de-jardinagem-gardena-em-nylon-elastico","title":{"rendered":"Luva de Jardinagem Gardena em Nylon El\u00e1stico"},"content":{"rendered":"","protected":false},"excerpt":{"rendered":"<p>Indicada para jardinagem e trabalho em condi\u00e7\u00f5es \u00famidas e molhadas<\/p>\n<p>Tamanho M<br \/>\nCom prote\u00e7\u00e3o especial<br \/>\nCom camada \u00e0 prova d&#8217;\u00e1gua na palma e dedos<br \/>\nCom refor\u00e7o na ponta dos dedos<\/p>\n","protected":false},"featured_media":4136,"comment_status":"open","ping_status":"closed","template":"","meta":[],"class_list":{"0":"post-4135","1":"product","2":"type-product","3":"status-publish","4":"has-post-thumbnail","6":"pwb-brand-gardena","7":"product_cat-linha-jardim","8":"product_cat-gardena","9":"product_tag-luva","10":"product_tag-luva-jardinagem","12":"first","13":"instock","14":"shipping-taxable","15":"product-type-simple"},"brands":[{"id":89,"name":"Gardena","slug":"gardena"}],"_links":{"self":[{"href":"https:\/\/nordtech.com.br\/index.php?rest_route=\/wp\/v2\/product\/4135","targetHints":{"allow":["GET"]}}],"collection":[{"href":"https:\/\/nordtech.com.br\/index.php?rest_route=\/wp\/v2\/product"}],"about":[{"href":"https:\/\/nordtech.com.br\/index.php?rest_route=\/wp\/v2\/types\/product"}],"replies":[{"embeddable":true,"href":"https:\/\/nordtech.com.br\/index.php?rest_route=%2Fwp%2Fv2%2Fcomments&post=4135"}],"wp:featuredmedia":[{"embeddable":true,"href":"https:\/\/nordtech.com.br\/index.php?rest_route=\/wp\/v2\/media\/4136"}],"wp:attachment":[{"href":"https:\/\/nordtech.com.br\/index.php?rest_route=%2Fwp%2Fv2%2Fmedia&parent=4135"}],"curies":[{"name":"wp","href":"https:\/\/api.w.org\/{rel}","templated":true}]}}