{"id":3943,"date":"2021-10-19T17:48:36","date_gmt":"2021-10-19T20:48:36","guid":{"rendered":"https:\/\/nordtech.com.br\/?post_type=product&#038;p=3943"},"modified":"2021-10-19T17:48:36","modified_gmt":"2021-10-19T20:48:36","slug":"podador-telescopico-gardena-comfort-starcut-410bl","status":"publish","type":"product","link":"https:\/\/nordtech.com.br\/?product=podador-telescopico-gardena-comfort-starcut-410bl","title":{"rendered":"Podador Telesc\u00f3pico Gardena Comfort StarCut 410BL"},"content":{"rendered":"","protected":false},"excerpt":{"rendered":"<p>Podador Telesc\u00f3pico Gardena Comfort, com di\u00e2metro m\u00e1ximo de corte de 32 mm. A l\u00e2mina endurecida possui revestimento antiaderente, e o tipo de corte Bypass. Mesmo em \u00e1rvores densas, pode cortar ramos de at\u00e9 32 mm com facilidade. Seu cabo telesc\u00f3pico de alum\u00ednio permite qualquer varia\u00e7\u00e3o entre 230 e 410 cm, sem reajuste da fita de tra\u00e7\u00e3o. O \u00e2ngulo de corte permite podar com precis\u00e3o os ramos em qualquer dire\u00e7\u00e3o.<\/p>\n","protected":false},"featured_media":3945,"comment_status":"open","ping_status":"closed","template":"","meta":[],"class_list":{"0":"post-3943","1":"product","2":"type-product","3":"status-publish","4":"has-post-thumbnail","6":"pwb-brand-gardena","7":"product_cat-linha-jardim","8":"product_cat-gardena","10":"first","11":"instock","12":"shipping-taxable","13":"product-type-simple"},"brands":[{"id":89,"name":"Gardena","slug":"gardena"}],"_links":{"self":[{"href":"https:\/\/nordtech.com.br\/index.php?rest_route=\/wp\/v2\/product\/3943","targetHints":{"allow":["GET"]}}],"collection":[{"href":"https:\/\/nordtech.com.br\/index.php?rest_route=\/wp\/v2\/product"}],"about":[{"href":"https:\/\/nordtech.com.br\/index.php?rest_route=\/wp\/v2\/types\/product"}],"replies":[{"embeddable":true,"href":"https:\/\/nordtech.com.br\/index.php?rest_route=%2Fwp%2Fv2%2Fcomments&post=3943"}],"wp:featuredmedia":[{"embeddable":true,"href":"https:\/\/nordtech.com.br\/index.php?rest_route=\/wp\/v2\/media\/3945"}],"wp:attachment":[{"href":"https:\/\/nordtech.com.br\/index.php?rest_route=%2Fwp%2Fv2%2Fmedia&parent=3943"}],"curies":[{"name":"wp","href":"https:\/\/api.w.org\/{rel}","templated":true}]}}