{"id":3794,"date":"2021-09-23T17:11:32","date_gmt":"2021-09-23T20:11:32","guid":{"rendered":"https:\/\/nordtech.com.br\/?post_type=product&#038;p=3794"},"modified":"2021-09-23T17:11:32","modified_gmt":"2021-09-23T20:11:32","slug":"pistola-gardena-maxflow","status":"publish","type":"product","link":"https:\/\/nordtech.com.br\/?product=pistola-gardena-maxflow","title":{"rendered":"Pistola Gardena Maxflow"},"content":{"rendered":"","protected":false},"excerpt":{"rendered":"<p>Pistola Gardena Maxflow, com revestimento antiderrapante e spray fino. Compacta e pr\u00e1tica \u00e9 ideal para regar plantas em vasos e \u00e1reas individuais. Ideal para regar plantas em vasos e \u00e1reas individuais.<\/p>\n<p>&nbsp;<\/p>\n","protected":false},"featured_media":3795,"comment_status":"open","ping_status":"closed","template":"","meta":[],"class_list":{"0":"post-3794","1":"product","2":"type-product","3":"status-publish","4":"has-post-thumbnail","6":"pwb-brand-gardena","7":"product_cat-linha-hidro","8":"product_cat-gardena","10":"first","11":"instock","12":"shipping-taxable","13":"product-type-simple"},"brands":[{"id":89,"name":"Gardena","slug":"gardena"}],"_links":{"self":[{"href":"https:\/\/nordtech.com.br\/index.php?rest_route=\/wp\/v2\/product\/3794","targetHints":{"allow":["GET"]}}],"collection":[{"href":"https:\/\/nordtech.com.br\/index.php?rest_route=\/wp\/v2\/product"}],"about":[{"href":"https:\/\/nordtech.com.br\/index.php?rest_route=\/wp\/v2\/types\/product"}],"replies":[{"embeddable":true,"href":"https:\/\/nordtech.com.br\/index.php?rest_route=%2Fwp%2Fv2%2Fcomments&post=3794"}],"wp:featuredmedia":[{"embeddable":true,"href":"https:\/\/nordtech.com.br\/index.php?rest_route=\/wp\/v2\/media\/3795"}],"wp:attachment":[{"href":"https:\/\/nordtech.com.br\/index.php?rest_route=%2Fwp%2Fv2%2Fmedia&parent=3794"}],"curies":[{"name":"wp","href":"https:\/\/api.w.org\/{rel}","templated":true}]}}