{"id":3791,"date":"2021-09-23T15:23:25","date_gmt":"2021-09-23T18:23:25","guid":{"rendered":"https:\/\/nordtech.com.br\/?post_type=product&#038;p=3791"},"modified":"2021-09-23T15:24:01","modified_gmt":"2021-09-23T18:24:01","slug":"pistola-de-rega-por-impulsos-gardena-classic","status":"publish","type":"product","link":"https:\/\/nordtech.com.br\/?product=pistola-de-rega-por-impulsos-gardena-classic","title":{"rendered":"Pistola de Rega por Impulsos Gardena Classic"},"content":{"rendered":"","protected":false},"excerpt":{"rendered":"<p>Pistola de Rega por Impulsos, com revestimento antiderrapante e bloqueio de jato. Ideal para irriga\u00e7\u00e3o de plantas em potes e \u00e1reas individuais. Seus componentes em pl\u00e1stico macio proporcionam uma pegada segura. Seu formato compacto \u00e9 confort\u00e1vel e ergon\u00f4mico.<\/p>\n<p>Caixa Master com 5 unidades.<\/p>\n","protected":false},"featured_media":3792,"comment_status":"open","ping_status":"closed","template":"","meta":[],"class_list":{"0":"post-3791","1":"product","2":"type-product","3":"status-publish","4":"has-post-thumbnail","6":"pwb-brand-gardena","7":"product_cat-linha-hidro","8":"product_cat-gardena","10":"first","11":"instock","12":"shipping-taxable","13":"product-type-simple"},"brands":[{"id":89,"name":"Gardena","slug":"gardena"}],"_links":{"self":[{"href":"https:\/\/nordtech.com.br\/index.php?rest_route=\/wp\/v2\/product\/3791","targetHints":{"allow":["GET"]}}],"collection":[{"href":"https:\/\/nordtech.com.br\/index.php?rest_route=\/wp\/v2\/product"}],"about":[{"href":"https:\/\/nordtech.com.br\/index.php?rest_route=\/wp\/v2\/types\/product"}],"replies":[{"embeddable":true,"href":"https:\/\/nordtech.com.br\/index.php?rest_route=%2Fwp%2Fv2%2Fcomments&post=3791"}],"wp:featuredmedia":[{"embeddable":true,"href":"https:\/\/nordtech.com.br\/index.php?rest_route=\/wp\/v2\/media\/3792"}],"wp:attachment":[{"href":"https:\/\/nordtech.com.br\/index.php?rest_route=%2Fwp%2Fv2%2Fmedia&parent=3791"}],"curies":[{"name":"wp","href":"https:\/\/api.w.org\/{rel}","templated":true}]}}