{"id":3784,"date":"2021-09-23T15:02:47","date_gmt":"2021-09-23T18:02:47","guid":{"rendered":"https:\/\/nordtech.com.br\/?post_type=product&#038;p=3784"},"modified":"2021-09-23T15:02:47","modified_gmt":"2021-09-23T18:02:47","slug":"adaptador-de-rosca-gardena-bubble-jet-m-24","status":"publish","type":"product","link":"https:\/\/nordtech.com.br\/?product=adaptador-de-rosca-gardena-bubble-jet-m-24","title":{"rendered":"Adaptador de rosca Gardena Bubble &#8211; Jet M 24"},"content":{"rendered":"","protected":false},"excerpt":{"rendered":"<p>Adaptador de Rosca Gardena Bubble-Jet M 24, fabricado em a\u00e7o de alta qualidade possui com prote\u00e7\u00e3o contra o frio, sem necessidade de montagem. Gra\u00e7as ao adaptador rosqueado de jato de bolhas, o sistema GARDENA pode ser facilmente conectado a uma torneira com cabe\u00e7a arejada.<\/p>\n<p>Caixa Master com 5 unidades.<\/p>\n","protected":false},"featured_media":3787,"comment_status":"open","ping_status":"closed","template":"","meta":[],"class_list":{"0":"post-3784","1":"product","2":"type-product","3":"status-publish","4":"has-post-thumbnail","6":"pwb-brand-gardena","7":"product_cat-linha-hidro","8":"product_cat-gardena","10":"first","11":"instock","12":"shipping-taxable","13":"product-type-simple"},"brands":[{"id":89,"name":"Gardena","slug":"gardena"}],"_links":{"self":[{"href":"https:\/\/nordtech.com.br\/index.php?rest_route=\/wp\/v2\/product\/3784","targetHints":{"allow":["GET"]}}],"collection":[{"href":"https:\/\/nordtech.com.br\/index.php?rest_route=\/wp\/v2\/product"}],"about":[{"href":"https:\/\/nordtech.com.br\/index.php?rest_route=\/wp\/v2\/types\/product"}],"replies":[{"embeddable":true,"href":"https:\/\/nordtech.com.br\/index.php?rest_route=%2Fwp%2Fv2%2Fcomments&post=3784"}],"wp:featuredmedia":[{"embeddable":true,"href":"https:\/\/nordtech.com.br\/index.php?rest_route=\/wp\/v2\/media\/3787"}],"wp:attachment":[{"href":"https:\/\/nordtech.com.br\/index.php?rest_route=%2Fwp%2Fv2%2Fmedia&parent=3784"}],"curies":[{"name":"wp","href":"https:\/\/api.w.org\/{rel}","templated":true}]}}