{"id":3781,"date":"2021-09-23T11:27:06","date_gmt":"2021-09-23T14:27:06","guid":{"rendered":"https:\/\/nordtech.com.br\/?post_type=product&#038;p=3781"},"modified":"2021-09-23T11:27:06","modified_gmt":"2021-09-23T14:27:06","slug":"pazinha-para-flores-gardena","status":"publish","type":"product","link":"https:\/\/nordtech.com.br\/?product=pazinha-para-flores-gardena","title":{"rendered":"Pazinha para Flores Gardena"},"content":{"rendered":"","protected":false},"excerpt":{"rendered":"<p>Pazinha para Flores, feita de a\u00e7o de alta qualidade, com revestimento duroplast contra corros\u00e3o. Compacta e f\u00e1cil de usar, \u00e9 ideal para transplantar flores. Comprimento de 8,5 cm.<\/p>\n<p>Caixa Master com 20 unidades.<\/p>\n<p>&nbsp;<\/p>\n","protected":false},"featured_media":3782,"comment_status":"open","ping_status":"closed","template":"","meta":[],"class_list":{"0":"post-3781","1":"product","2":"type-product","3":"status-publish","4":"has-post-thumbnail","6":"pwb-brand-gardena","7":"product_cat-linha-jardim","8":"product_cat-gardena","10":"first","11":"instock","12":"shipping-taxable","13":"product-type-simple"},"brands":[{"id":89,"name":"Gardena","slug":"gardena"}],"_links":{"self":[{"href":"https:\/\/nordtech.com.br\/index.php?rest_route=\/wp\/v2\/product\/3781","targetHints":{"allow":["GET"]}}],"collection":[{"href":"https:\/\/nordtech.com.br\/index.php?rest_route=\/wp\/v2\/product"}],"about":[{"href":"https:\/\/nordtech.com.br\/index.php?rest_route=\/wp\/v2\/types\/product"}],"replies":[{"embeddable":true,"href":"https:\/\/nordtech.com.br\/index.php?rest_route=%2Fwp%2Fv2%2Fcomments&post=3781"}],"wp:featuredmedia":[{"embeddable":true,"href":"https:\/\/nordtech.com.br\/index.php?rest_route=\/wp\/v2\/media\/3782"}],"wp:attachment":[{"href":"https:\/\/nordtech.com.br\/index.php?rest_route=%2Fwp%2Fv2%2Fmedia&parent=3781"}],"curies":[{"name":"wp","href":"https:\/\/api.w.org\/{rel}","templated":true}]}}