{"id":3776,"date":"2021-09-23T09:59:50","date_gmt":"2021-09-23T12:59:50","guid":{"rendered":"https:\/\/nordtech.com.br\/?post_type=product&#038;p=3776"},"modified":"2021-09-23T09:59:50","modified_gmt":"2021-09-23T12:59:50","slug":"o-ring-gardena","status":"publish","type":"product","link":"https:\/\/nordtech.com.br\/?product=o-ring-gardena","title":{"rendered":"O-ring Gardena"},"content":{"rendered":"","protected":false},"excerpt":{"rendered":"<p>O-ring Gardena, conjunto composto por 3 an\u00e9is de veda\u00e7\u00e3o para acoplamentos e 1 anel de borracha para pe\u00e7a de torneira Gardena 901 \/ 2901.<\/p>\n<p>Em borracha<\/p>\n<p>Em S-pack<\/p>\n<p>Caixa Master: 10 unidades<\/p>\n","protected":false},"featured_media":3777,"comment_status":"open","ping_status":"closed","template":"","meta":[],"class_list":{"0":"post-3776","1":"product","2":"type-product","3":"status-publish","4":"has-post-thumbnail","6":"pwb-brand-gardena","7":"product_cat-linha-hidro","8":"product_cat-gardena","10":"first","11":"instock","12":"shipping-taxable","13":"product-type-simple"},"brands":[{"id":89,"name":"Gardena","slug":"gardena"}],"_links":{"self":[{"href":"https:\/\/nordtech.com.br\/index.php?rest_route=\/wp\/v2\/product\/3776","targetHints":{"allow":["GET"]}}],"collection":[{"href":"https:\/\/nordtech.com.br\/index.php?rest_route=\/wp\/v2\/product"}],"about":[{"href":"https:\/\/nordtech.com.br\/index.php?rest_route=\/wp\/v2\/types\/product"}],"replies":[{"embeddable":true,"href":"https:\/\/nordtech.com.br\/index.php?rest_route=%2Fwp%2Fv2%2Fcomments&post=3776"}],"wp:featuredmedia":[{"embeddable":true,"href":"https:\/\/nordtech.com.br\/index.php?rest_route=\/wp\/v2\/media\/3777"}],"wp:attachment":[{"href":"https:\/\/nordtech.com.br\/index.php?rest_route=%2Fwp%2Fv2%2Fmedia&parent=3776"}],"curies":[{"name":"wp","href":"https:\/\/api.w.org\/{rel}","templated":true}]}}