{"id":3763,"date":"2021-09-22T16:09:37","date_gmt":"2021-09-22T19:09:37","guid":{"rendered":"https:\/\/nordtech.com.br\/?post_type=product&#038;p=3763"},"modified":"2021-09-22T16:09:37","modified_gmt":"2021-09-22T19:09:37","slug":"microfibra-limpa-vidro-gardena","status":"publish","type":"product","link":"https:\/\/nordtech.com.br\/?product=microfibra-limpa-vidro-gardena","title":{"rendered":"Microfibra Limpa Vidro Gardena"},"content":{"rendered":"","protected":false},"excerpt":{"rendered":"<p>Com a Microfibra Limpa Vidro, lavar as janelas pode ser algo extremamente f\u00e1cil. Fabricado com microfibras de alta qualidade que permitem obter alto n\u00edvel de limpeza, a\u00a0l\u00e3 sint\u00e9tica pode ser lavada na m\u00e1quina de lavar a 60\u00b0. Eficaz na limpeza, pode ser retirada facilmente do limpador de janelas com secador GARDENA (art. n.\u00ba 5564-20) e colocada novamente gra\u00e7as ao suporte de velcro.<\/p>\n<p>Caixa Master com 10 unidades.<\/p>\n","protected":false},"featured_media":3766,"comment_status":"open","ping_status":"closed","template":"","meta":[],"class_list":{"0":"post-3763","1":"product","2":"type-product","3":"status-publish","4":"has-post-thumbnail","6":"pwb-brand-gardena","7":"product_cat-linha-hidro","8":"product_cat-gardena","10":"first","11":"instock","12":"shipping-taxable","13":"product-type-simple"},"brands":[{"id":89,"name":"Gardena","slug":"gardena"}],"_links":{"self":[{"href":"https:\/\/nordtech.com.br\/index.php?rest_route=\/wp\/v2\/product\/3763","targetHints":{"allow":["GET"]}}],"collection":[{"href":"https:\/\/nordtech.com.br\/index.php?rest_route=\/wp\/v2\/product"}],"about":[{"href":"https:\/\/nordtech.com.br\/index.php?rest_route=\/wp\/v2\/types\/product"}],"replies":[{"embeddable":true,"href":"https:\/\/nordtech.com.br\/index.php?rest_route=%2Fwp%2Fv2%2Fcomments&post=3763"}],"wp:featuredmedia":[{"embeddable":true,"href":"https:\/\/nordtech.com.br\/index.php?rest_route=\/wp\/v2\/media\/3766"}],"wp:attachment":[{"href":"https:\/\/nordtech.com.br\/index.php?rest_route=%2Fwp%2Fv2%2Fmedia&parent=3763"}],"curies":[{"name":"wp","href":"https:\/\/api.w.org\/{rel}","templated":true}]}}